{"id":25878,"date":"2023-05-26T22:38:50","date_gmt":"2023-05-26T22:38:50","guid":{"rendered":"http:\/\/aektrans.com\/?page_id=25878"},"modified":"2023-08-07T08:00:38","modified_gmt":"2023-08-07T08:00:38","slug":"kurumsal-2","status":"publish","type":"page","link":"https:\/\/aektrans.com\/index.php\/kurumsal-2\/","title":{"rendered":"Kurumsal"},"content":{"rendered":"\t\t<div data-elementor-type=\"wp-page\" data-elementor-id=\"25878\" class=\"elementor elementor-25878\">\n\t\t\t\t\t\t\t\t\t<section class=\"elementor-section elementor-top-section elementor-element elementor-element-4e178ae elementor-section-boxed elementor-section-height-default elementor-section-height-default elementor-invisible\" data-id=\"4e178ae\" data-element_type=\"section\" data-settings=\"{&quot;animation&quot;:&quot;fadeInDown&quot;}\">\n\t\t\t\t\t\t<div class=\"elementor-container elementor-column-gap-default\">\n\t\t\t\t\t<div class=\"elementor-column elementor-col-100 elementor-top-column elementor-element elementor-element-695d755\" data-id=\"695d755\" data-element_type=\"column\">\n\t\t\t<div class=\"elementor-widget-wrap\">\n\t\t\t\t\t\t\t\t\t<\/div>\n\t\t<\/div>\n\t\t\t\t\t\t\t<\/div>\n\t\t<\/section>\n\t\t\t\t<section class=\"elementor-section elementor-top-section elementor-element elementor-element-d23f2cd elementor-section-boxed elementor-section-height-default elementor-section-height-default\" data-id=\"d23f2cd\" data-element_type=\"section\">\n\t\t\t\t\t\t<div class=\"elementor-container elementor-column-gap-default\">\n\t\t\t\t\t<div class=\"elementor-column elementor-col-100 elementor-top-column elementor-element elementor-element-9e74c41\" data-id=\"9e74c41\" data-element_type=\"column\">\n\t\t\t<div class=\"elementor-widget-wrap\">\n\t\t\t\t\t\t\t\t\t<\/div>\n\t\t<\/div>\n\t\t\t\t\t\t\t<\/div>\n\t\t<\/section>\n\t\t\t\t<section class=\"elementor-section elementor-top-section elementor-element elementor-element-4fdc25a elementor-section-boxed elementor-section-height-default elementor-section-height-default elementor-invisible\" data-id=\"4fdc25a\" data-element_type=\"section\" data-settings=\"{&quot;animation&quot;:&quot;fadeInDown&quot;}\">\n\t\t\t\t\t\t<div class=\"elementor-container elementor-column-gap-default\">\n\t\t\t\t\t<div class=\"elementor-column elementor-col-100 elementor-top-column elementor-element elementor-element-b4bad53\" data-id=\"b4bad53\" data-element_type=\"column\">\n\t\t\t<div class=\"elementor-widget-wrap elementor-element-populated\">\n\t\t\t\t\t\t\t\t<div class=\"elementor-element elementor-element-ef4d946 elementor-widget elementor-widget-heading\" data-id=\"ef4d946\" data-element_type=\"widget\" data-settings=\"{&quot;_animation&quot;:&quot;none&quot;}\" data-widget_type=\"heading.default\">\n\t\t\t\t<div class=\"elementor-widget-container\">\n\t\t\t<style>\/*! elementor - v3.11.5 - 14-03-2023 *\/\n.elementor-heading-title{padding:0;margin:0;line-height:1}.elementor-widget-heading .elementor-heading-title[class*=elementor-size-]>a{color:inherit;font-size:inherit;line-height:inherit}.elementor-widget-heading .elementor-heading-title.elementor-size-small{font-size:15px}.elementor-widget-heading .elementor-heading-title.elementor-size-medium{font-size:19px}.elementor-widget-heading .elementor-heading-title.elementor-size-large{font-size:29px}.elementor-widget-heading .elementor-heading-title.elementor-size-xl{font-size:39px}.elementor-widget-heading .elementor-heading-title.elementor-size-xxl{font-size:59px}<\/style><h2 class=\"elementor-heading-title elementor-size-default\">KURUMSAL<\/h2>\t\t<\/div>\n\t\t\t\t<\/div>\n\t\t\t\t\t<\/div>\n\t\t<\/div>\n\t\t\t\t\t\t\t<\/div>\n\t\t<\/section>\n\t\t\t\t<section class=\"elementor-section elementor-top-section elementor-element elementor-element-7acebab elementor-section-boxed elementor-section-height-default elementor-section-height-default elementor-invisible\" data-id=\"7acebab\" data-element_type=\"section\" data-settings=\"{&quot;animation&quot;:&quot;fadeInDown&quot;}\">\n\t\t\t\t\t\t<div class=\"elementor-container elementor-column-gap-default\">\n\t\t\t\t\t<div class=\"elementor-column elementor-col-50 elementor-top-column elementor-element elementor-element-fe05c79\" data-id=\"fe05c79\" data-element_type=\"column\">\n\t\t\t<div class=\"elementor-widget-wrap elementor-element-populated\">\n\t\t\t\t\t\t\t\t<div class=\"elementor-element elementor-element-e9943b3 elementor-widget elementor-widget-text-editor\" data-id=\"e9943b3\" data-element_type=\"widget\" data-widget_type=\"text-editor.default\">\n\t\t\t\t<div class=\"elementor-widget-container\">\n\t\t\t<style>\/*! elementor - v3.11.5 - 14-03-2023 *\/\n.elementor-widget-text-editor.elementor-drop-cap-view-stacked .elementor-drop-cap{background-color:#818a91;color:#fff}.elementor-widget-text-editor.elementor-drop-cap-view-framed .elementor-drop-cap{color:#818a91;border:3px solid;background-color:transparent}.elementor-widget-text-editor:not(.elementor-drop-cap-view-default) .elementor-drop-cap{margin-top:8px}.elementor-widget-text-editor:not(.elementor-drop-cap-view-default) .elementor-drop-cap-letter{width:1em;height:1em}.elementor-widget-text-editor .elementor-drop-cap{float:left;text-align:center;line-height:1;font-size:50px}.elementor-widget-text-editor .elementor-drop-cap-letter{display:inline-block}<\/style>\t\t\t\t<p style=\"margin-bottom: 0.0001pt; line-height: normal;\"><span style=\"font-size: 12pt; font-family: &quot;Times New Roman&quot;, serif;\"><b>HAKKIMIZDA<\/b><\/span><\/p>\n<p style=\"margin-bottom: 0.0001pt; line-height: normal;\"><b><span style=\"font-size: 12.0pt; font-family: 'Times New Roman',serif; mso-fareast-font-family: 'Times New Roman'; mso-fareast-language: TR;\"><br><\/span><\/b><\/p>\n<p><\/p>\n<p style=\"margin-bottom: 0.0001pt; line-height: normal;\"><span style=\"font-size: 12.0pt; font-family: 'Times New Roman',serif; mso-fareast-font-family: 'Times New Roman'; mso-fareast-language: TR;\">&nbsp; Ba\u015fta T\u00fcrkiye ve D\u00fcnya \u00fclkelerinin en temel ta\u015flar\u0131ndan birisi olan lojistik her ge\u00e7en s\u00fcre zarf\u0131nda geli\u015fmekte ve \u00fclkeleri de kalk\u0131nd\u0131rmaktad\u0131r.<\/span><\/p>\n<p style=\"margin-bottom: 0.0001pt; line-height: normal;\"><span style=\"font-size: 12.0pt; font-family: 'Times New Roman',serif; mso-fareast-font-family: 'Times New Roman'; mso-fareast-language: TR;\">&nbsp;<\/span><\/p>\n<p><\/p>\n<p style=\"margin-bottom: 0.0001pt; line-height: normal;\"><span style=\"font-size: 12.0pt; font-family: 'Times New Roman',serif; mso-fareast-font-family: 'Times New Roman'; mso-fareast-language: TR;\">&nbsp; Uluslararas\u0131 Ticarette \u00fcreten toplumlar\u0131n geli\u015fmesine katk\u0131 sa\u011flad\u0131\u011f\u0131m\u0131z bu g\u00fcnlerde firmalar\u0131n \u00fcrettikleri \u00fcr\u00fcn ve envanterlerin m\u00fc\u015fterilere ula\u015ft\u0131rmas\u0131n\u0131 sa\u011flamaktay\u0131z.<\/span><\/p>\n<p style=\"margin-bottom: 0.0001pt; line-height: normal;\"><b style=\"font-style: inherit; background-color: var(--ast-global-color-5); color: var(--ast-global-color-3);\"><span style=\"font-size: 12.0pt; font-family: 'Times New Roman',serif; mso-fareast-font-family: 'Times New Roman'; mso-fareast-language: TR;\">25 y\u0131l\u0131<\/span><\/b><span style=\"font-style: inherit; font-weight: inherit; background-color: var(--ast-global-color-5); color: var(--ast-global-color-3); font-size: 12pt; font-family: 'Times New Roman', serif;\">&nbsp;a\u015fan sekt\u00f6rel tecr\u00fcbemizin yan\u0131 s\u0131ra , yeniliklere do\u011fru bilgiye kendimizi geli\u015ftirmeye ve \u00f6\u011frenemeye a\u00e7\u0131k dinamik bir yap\u0131m\u0131zla her ge\u00e7en s\u00fcre zarf\u0131nda daha fazla yol katederek \u00e7\u00f6z\u00fcmler \u00fcreterek de\u011ferli m\u00fc\u015fterilerimizin ve sekt\u00f6r\u00fcm\u00fcze de\u011fer ve kolayl\u0131k katmaya \u00e7al\u0131\u015f\u0131yoruz. D\u00fcnden \u00f6\u011frendi\u011fimiz tecr\u00fcbemizle bug\u00fcn\u00fcm\u00fcz\u00fc ayd\u0131nlat\u0131p gelece\u011fe \u0131\u015f\u0131k tutmay\u0131 hedefliyoruz.<\/span><\/p>\n<p style=\"margin-bottom: 0.0001pt; line-height: normal;\"><span style=\"font-style: inherit; font-weight: inherit; background-color: var(--ast-global-color-5); color: var(--ast-global-color-3); font-size: 12pt; font-family: 'Times New Roman', serif;\">&nbsp;<\/span><\/p>\n<p><\/p>\n<p style=\"margin-bottom: 0.0001pt; line-height: normal;\"><b><span style=\"font-size: 12.0pt; font-family: 'Times New Roman',serif; mso-fareast-font-family: 'Times New Roman'; mso-fareast-language: TR;\">&nbsp; AEK TRANSPORT &nbsp;<\/span><\/b><span style=\"font-size: 12.0pt; font-family: 'Times New Roman',serif; mso-fareast-font-family: 'Times New Roman'; mso-fareast-language: TR;\">ithalat ve ihracat sevkiyatlar\u0131n\u0131z\u0131 talimatlar\u0131n\u0131z do\u011frultusunda istedi\u011finiz yerden al\u0131n\u0131p, istedi\u011finiz adrese g\u00fcvenli bir \u015fekilde, eksizsiz ve zaman\u0131nda teslim\u2019 sorumluluklar\u0131n\u0131n bilincinde hareket etmektedir.<\/span><\/p>\n<p style=\"margin-bottom: 0.0001pt; line-height: normal;\"><span style=\"font-size: 12.0pt; font-family: 'Times New Roman',serif; mso-fareast-font-family: 'Times New Roman'; mso-fareast-language: TR;\">Karayolu, Denizyolu, Havayolu, Demiryolu ve \u0130ntermodal ta\u015f\u0131mac\u0131l\u0131k, depo y\u00f6netimi, d\u0131\u015f ticaret \u00e7\u00f6z\u00fcmlerini etkili bir hizmet anlay\u0131\u015f\u0131yla sunan&nbsp;<b>AEK TRANSPORT<\/b>, g\u00fc\u00e7l\u00fc altyap\u0131s\u0131 ve sa\u011flam ileti\u015fim a\u011f\u0131 ile hareket etmektedir.<\/span><\/p>\n<p style=\"margin-bottom: 0.0001pt; line-height: normal;\"><span style=\"font-size: 12.0pt; font-family: 'Times New Roman',serif; mso-fareast-font-family: 'Times New Roman'; mso-fareast-language: TR;\">&nbsp;<\/span><\/p>\n<p><\/p>\n<p style=\"margin-bottom: 0.0001pt; line-height: normal;\"><span style=\"font-size: 12.0pt; font-family: 'Times New Roman',serif; mso-fareast-font-family: 'Times New Roman'; mso-fareast-language: TR;\">&nbsp; Bununla birlikte ba\u015fta Avrupa olmak \u00fczere pek \u00e7ok b\u00f6lgede de yap\u0131lanmas\u0131n\u0131 s\u00fcrd\u00fcrmeye devam etmektedir.<\/span><\/p>\n<p style=\"margin-bottom: 0.0001pt; line-height: normal;\"><span style=\"font-size: 12.0pt; font-family: 'Times New Roman',serif; mso-fareast-font-family: 'Times New Roman'; mso-fareast-language: TR;\">Kaliteli servisi minimum \u00fccret ve optimum hizmetle kombine ederek m\u00fc\u015fterilerine sunan&nbsp;<b>AEK TRANSPORT<\/b>, bu <\/span><span style=\"font-family: 'Times New Roman',serif; mso-fareast-font-family: 'Times New Roman'; mso-fareast-language: TR;\">ba\u015far\u0131ya hi\u00e7bir<br>yabanc\u0131 sermaye kat\u0131l\u0131m\u0131 olmadan b\u00fct\u00fcn\u00fcyle kendi \u00f6z sermayesi ile ula\u015fmay\u0131&nbsp;hedeflemi\u015ftir&nbsp;&nbsp;<\/span><\/p>\n<p style=\"margin-bottom: 0.0001pt; line-height: normal;\"><span style=\"font-family: 'Times New Roman',serif; mso-fareast-font-family: 'Times New Roman'; mso-fareast-language: TR;\"><br><\/span><\/p>\n<p style=\"margin-bottom: 0.0001pt; line-height: normal;\"><span style=\"font-family: 'Times New Roman',serif; mso-fareast-font-family: 'Times New Roman'; mso-fareast-language: TR;\">&nbsp;<b>&nbsp;V\u0130ZYON<\/b><\/span><\/p>\n<p style=\"margin-bottom: 0.0001pt; line-height: normal;\"><span style=\"font-family: 'Times New Roman',serif; mso-fareast-font-family: 'Times New Roman'; mso-fareast-language: TR;\">&nbsp;<\/span><\/p>\n<p style=\"margin-bottom: 0.0001pt; line-height: normal;\"><span style=\"font-family: Arial, sans-serif; font-size: 11pt; font-style: inherit; font-weight: inherit; text-indent: 35.4pt; background-color: var(--ast-global-color-5); color: var(--ast-global-color-3);\">&nbsp; T\u00fcm m\u00fc\u015fterilerine kurumsal bir yakla\u015f\u0131mla entegre<br>lojistik hizmetler sunan, k\u00fcresel bir \u015firket ve tercih edilen i\u015f orta\u011f\u0131 olmak.<\/span><span style=\"font-family: Arial, sans-serif; color: var(--ast-global-color-2); font-size: 0.882353rem; font-style: inherit; background-color: var(--ast-global-color-5);\">&nbsp; &nbsp; &nbsp; &nbsp; &nbsp; &nbsp; &nbsp; &nbsp; &nbsp; &nbsp; &nbsp; &nbsp; &nbsp; &nbsp; &nbsp; &nbsp; &nbsp; &nbsp; &nbsp; &nbsp; &nbsp; &nbsp; &nbsp; &nbsp; &nbsp; &nbsp; &nbsp; &nbsp; &nbsp; &nbsp; &nbsp; &nbsp; &nbsp; &nbsp; &nbsp; &nbsp; &nbsp; &nbsp; &nbsp; &nbsp; &nbsp; &nbsp; &nbsp; &nbsp; &nbsp; &nbsp; &nbsp; &nbsp; &nbsp; &nbsp; &nbsp; &nbsp; &nbsp; &nbsp; &nbsp; &nbsp; &nbsp; &nbsp; &nbsp; &nbsp; &nbsp; &nbsp; &nbsp; &nbsp; &nbsp; &nbsp; &nbsp; &nbsp; &nbsp; &nbsp; &nbsp; &nbsp; &nbsp; <\/span><span style=\"font-size: 16px; font-family: &quot;Times New Roman&quot;, serif; font-style: inherit; font-weight: inherit; background-color: var(--ast-global-color-5); color: var(--ast-global-color-3);\">&nbsp;<\/span><\/p>\n<p style=\"margin-bottom: 0.0001pt; line-height: normal;\"><font face=\"Times New Roman, serif\"><span style=\"font-size: 16px;\"><b>&nbsp; M\u0130SYON&nbsp;<\/b><\/span><\/font><\/p>\n<p style=\"margin-bottom: 0.0001pt; line-height: normal;\"><font face=\"Times New Roman, serif\"><span style=\"font-size: 16px;\"><b>&nbsp;<\/b><\/span><\/font><\/p>\n<p style=\"margin-bottom: 0.0001pt; line-height: normal;\"><font face=\"Times New Roman, serif\"><span style=\"font-size: 16px;\">&nbsp; M\u00fc\u015fterilerine h\u0131zl\u0131 olman\u0131n yan\u0131nda g\u00fcvenli; ekonomik olman\u0131n yan\u0131nda ise yenilik\u00e7i anlay\u0131\u015f ile hizmet vermek ve onlar\u0131n ana faaliyetlerine odaklanmalar\u0131n\u0131 sa\u011flamak.<\/span><\/font><\/p>\n<p><\/p>\n<p style=\"margin-bottom: 0.0001pt; line-height: normal;\">\n<\/p><p style=\"margin-bottom: 0.0001pt; line-height: normal;\">\n<\/p>\t\t\t\t\t\t<\/div>\n\t\t\t\t<\/div>\n\t\t\t\t\t<\/div>\n\t\t<\/div>\n\t\t\t\t<div class=\"elementor-column elementor-col-50 elementor-top-column elementor-element elementor-element-1cf8ff6\" data-id=\"1cf8ff6\" data-element_type=\"column\">\n\t\t\t<div class=\"elementor-widget-wrap elementor-element-populated\">\n\t\t\t\t\t\t\t\t<div class=\"elementor-element elementor-element-7cd7d9e elementor-widget elementor-widget-image\" data-id=\"7cd7d9e\" data-element_type=\"widget\" data-widget_type=\"image.default\">\n\t\t\t\t<div class=\"elementor-widget-container\">\n\t\t\t<style>\/*! elementor - v3.11.5 - 14-03-2023 *\/\n.elementor-widget-image{text-align:center}.elementor-widget-image a{display:inline-block}.elementor-widget-image a img[src$=\".svg\"]{width:48px}.elementor-widget-image img{vertical-align:middle;display:inline-block}<\/style>\t\t\t\t\t\t\t\t\t\t\t\t<img decoding=\"async\" width=\"1060\" height=\"564\" src=\"https:\/\/aektrans.com\/wp-content\/uploads\/2023\/04\/KOMBINE-TASIMACILIK-min-1-3.jpg\" class=\"attachment-1536x1536 size-1536x1536 wp-image-25649\" alt=\"\" loading=\"lazy\" srcset=\"https:\/\/aektrans.com\/wp-content\/uploads\/2023\/04\/KOMBINE-TASIMACILIK-min-1-3.jpg 1060w, https:\/\/aektrans.com\/wp-content\/uploads\/2023\/04\/KOMBINE-TASIMACILIK-min-1-3-300x160.jpg 300w, https:\/\/aektrans.com\/wp-content\/uploads\/2023\/04\/KOMBINE-TASIMACILIK-min-1-3-1024x545.jpg 1024w, https:\/\/aektrans.com\/wp-content\/uploads\/2023\/04\/KOMBINE-TASIMACILIK-min-1-3-768x409.jpg 768w, https:\/\/aektrans.com\/wp-content\/uploads\/2023\/04\/KOMBINE-TASIMACILIK-min-1-3-600x319.jpg 600w\" sizes=\"(max-width: 1060px) 100vw, 1060px\" \/>\t\t\t\t\t\t\t\t\t\t\t\t\t\t\t<\/div>\n\t\t\t\t<\/div>\n\t\t\t\t<div class=\"elementor-element elementor-element-4e9a328 elementor-widget elementor-widget-image\" data-id=\"4e9a328\" data-element_type=\"widget\" data-widget_type=\"image.default\">\n\t\t\t\t<div class=\"elementor-widget-container\">\n\t\t\t\t\t\t\t\t\t\t\t\t\t\t\t<img decoding=\"async\" src=\"https:\/\/aektrans.com\/wp-content\/uploads\/2023\/03\/DGL-Freight-Forwarders-e1668688992313-1.png\" title=\"DGL-Freight-Forwarders-e1668688992313 (1)\" alt=\"DGL-Freight-Forwarders-e1668688992313 (1)\" loading=\"lazy\" \/>\t\t\t\t\t\t\t\t\t\t\t\t\t\t\t<\/div>\n\t\t\t\t<\/div>\n\t\t\t\t\t<\/div>\n\t\t<\/div>\n\t\t\t\t\t\t\t<\/div>\n\t\t<\/section>\n\t\t\t\t<section class=\"elementor-section elementor-top-section elementor-element elementor-element-4f2d8f8 elementor-section-boxed elementor-section-height-default elementor-section-height-default\" data-id=\"4f2d8f8\" data-element_type=\"section\">\n\t\t\t\t\t\t<div class=\"elementor-container elementor-column-gap-default\">\n\t\t\t\t\t<div class=\"elementor-column elementor-col-25 elementor-top-column elementor-element elementor-element-debedd2\" data-id=\"debedd2\" data-element_type=\"column\">\n\t\t\t<div class=\"elementor-widget-wrap elementor-element-populated\">\n\t\t\t\t\t\t\t\t<div class=\"elementor-element elementor-element-12d219a elementor-widget elementor-widget-image\" data-id=\"12d219a\" data-element_type=\"widget\" data-widget_type=\"image.default\">\n\t\t\t\t<div class=\"elementor-widget-container\">\n\t\t\t\t\t\t\t\t\t\t\t\t\t\t\t<img decoding=\"async\" width=\"600\" height=\"400\" src=\"https:\/\/aektrans.com\/wp-content\/uploads\/2023\/03\/desktop-wallpaper-best-practices-for-working-with-freight-brokers-transportation-600x400.jpg\" class=\"attachment-portfolio_item-thumbnail size-portfolio_item-thumbnail wp-image-25584\" alt=\"\" loading=\"lazy\" \/>\t\t\t\t\t\t\t\t\t\t\t\t\t\t\t<\/div>\n\t\t\t\t<\/div>\n\t\t\t\t\t<\/div>\n\t\t<\/div>\n\t\t\t\t<div class=\"elementor-column elementor-col-25 elementor-top-column elementor-element elementor-element-a4f5bfc\" data-id=\"a4f5bfc\" data-element_type=\"column\">\n\t\t\t<div class=\"elementor-widget-wrap elementor-element-populated\">\n\t\t\t\t\t\t\t\t<div class=\"elementor-element elementor-element-a44bf25 elementor-widget elementor-widget-image\" data-id=\"a44bf25\" data-element_type=\"widget\" data-widget_type=\"image.default\">\n\t\t\t\t<div class=\"elementor-widget-container\">\n\t\t\t\t\t\t\t\t\t\t\t\t\t\t\t<img decoding=\"async\" width=\"600\" height=\"400\" src=\"https:\/\/aektrans.com\/wp-content\/uploads\/2023\/03\/web-1-1-600x400.jpg\" class=\"attachment-portfolio_item-thumbnail size-portfolio_item-thumbnail wp-image-25607\" alt=\"\" loading=\"lazy\" \/>\t\t\t\t\t\t\t\t\t\t\t\t\t\t\t<\/div>\n\t\t\t\t<\/div>\n\t\t\t\t\t<\/div>\n\t\t<\/div>\n\t\t\t\t<div class=\"elementor-column elementor-col-25 elementor-top-column elementor-element elementor-element-425e1a1\" data-id=\"425e1a1\" data-element_type=\"column\">\n\t\t\t<div class=\"elementor-widget-wrap elementor-element-populated\">\n\t\t\t\t\t\t\t\t<div class=\"elementor-element elementor-element-f2f8b1d elementor-widget elementor-widget-image\" data-id=\"f2f8b1d\" data-element_type=\"widget\" data-widget_type=\"image.default\">\n\t\t\t\t<div class=\"elementor-widget-container\">\n\t\t\t\t\t\t\t\t\t\t\t\t\t\t\t<img decoding=\"async\" width=\"600\" height=\"398\" src=\"https:\/\/aektrans.com\/wp-content\/uploads\/2023\/03\/istockphoto-479431970-612x612-1-600x398.jpg\" class=\"attachment-portfolio_item-thumbnail size-portfolio_item-thumbnail wp-image-25449\" alt=\"\" loading=\"lazy\" \/>\t\t\t\t\t\t\t\t\t\t\t\t\t\t\t<\/div>\n\t\t\t\t<\/div>\n\t\t\t\t\t<\/div>\n\t\t<\/div>\n\t\t\t\t<div class=\"elementor-column elementor-col-25 elementor-top-column elementor-element elementor-element-33b3e8b\" data-id=\"33b3e8b\" data-element_type=\"column\">\n\t\t\t<div class=\"elementor-widget-wrap elementor-element-populated\">\n\t\t\t\t\t\t\t\t<div class=\"elementor-element elementor-element-d6740de elementor-widget elementor-widget-image\" data-id=\"d6740de\" data-element_type=\"widget\" data-widget_type=\"image.default\">\n\t\t\t\t<div class=\"elementor-widget-container\">\n\t\t\t\t\t\t\t\t\t\t\t\t\t\t\t<img decoding=\"async\" width=\"600\" height=\"400\" src=\"https:\/\/aektrans.com\/wp-content\/uploads\/2023\/03\/siparisler-turkiyeye-kayd-387_2-41-1-600x400.webp\" class=\"attachment-portfolio_item-thumbnail size-portfolio_item-thumbnail wp-image-25545\" alt=\"\" loading=\"lazy\" \/>\t\t\t\t\t\t\t\t\t\t\t\t\t\t\t<\/div>\n\t\t\t\t<\/div>\n\t\t\t\t\t<\/div>\n\t\t<\/div>\n\t\t\t\t\t\t\t<\/div>\n\t\t<\/section>\n\t\t\t\t\t\t\t<\/div>\n\t\t","protected":false},"excerpt":{"rendered":"<p>KURUMSAL HAKKIMIZDA &nbsp; Ba\u015fta T\u00fcrkiye ve D\u00fcnya \u00fclkelerinin en temel ta\u015flar\u0131ndan birisi olan lojistik her ge\u00e7en s\u00fcre zarf\u0131nda geli\u015fmekte ve \u00fclkeleri de kalk\u0131nd\u0131rmaktad\u0131r. &nbsp; &nbsp; Uluslararas\u0131 Ticarette \u00fcreten toplumlar\u0131n geli\u015fmesine katk\u0131 sa\u011flad\u0131\u011f\u0131m\u0131z bu g\u00fcnlerde firmalar\u0131n \u00fcrettikleri \u00fcr\u00fcn ve envanterlerin m\u00fc\u015fterilere ula\u015ft\u0131rmas\u0131n\u0131 sa\u011flamaktay\u0131z. 25 y\u0131l\u0131&nbsp;a\u015fan sekt\u00f6rel tecr\u00fcbemizin yan\u0131 s\u0131ra , yeniliklere do\u011fru bilgiye kendimizi geli\u015ftirmeye ve &hellip;<\/p>\n<p class=\"read-more\"> <a class=\"\" href=\"https:\/\/aektrans.com\/index.php\/kurumsal-2\/\"> <span class=\"screen-reader-text\">Kurumsal<\/span> Devam\u0131 &raquo;<\/a><\/p>\n","protected":false},"author":1,"featured_media":0,"parent":0,"menu_order":0,"comment_status":"closed","ping_status":"closed","template":"","meta":{"_uag_custom_page_level_css":"","site-sidebar-layout":"no-sidebar","site-content-layout":"page-builder","ast-global-header-display":"","ast-main-header-display":"","ast-hfb-above-header-display":"","ast-hfb-below-header-display":"","ast-hfb-mobile-header-display":"","site-post-title":"disabled","ast-breadcrumbs-content":"","ast-featured-img":"disabled","footer-sml-layout":"","theme-transparent-header-meta":"","adv-header-id-meta":"","stick-header-meta":"","header-above-stick-meta":"","header-main-stick-meta":"","header-below-stick-meta":"","_ti_tpc_template_sync":false,"_ti_tpc_template_id":""},"uagb_featured_image_src":{"full":false,"thumbnail":false,"medium":false,"medium_large":false,"large":false,"1536x1536":false,"2048x2048":false,"woocommerce_thumbnail":false,"woocommerce_single":false,"woocommerce_gallery_thumbnail":false,"portfolio_item-thumbnail":false,"portfolio_item-masonry":false,"portfolio_item-thumbnail_cinema":false,"portfolio_item-thumbnail_portrait":false,"portfolio_item-thumbnail_square":false},"uagb_author_info":{"display_name":"admin","author_link":"https:\/\/aektrans.com\/index.php\/author\/admin\/"},"uagb_comment_info":0,"uagb_excerpt":"KURUMSAL HAKKIMIZDA &nbsp; Ba\u015fta T\u00fcrkiye ve D\u00fcnya \u00fclkelerinin en temel ta\u015flar\u0131ndan birisi olan lojistik her ge\u00e7en s\u00fcre zarf\u0131nda geli\u015fmekte ve \u00fclkeleri de kalk\u0131nd\u0131rmaktad\u0131r. &nbsp; &nbsp; Uluslararas\u0131 Ticarette \u00fcreten toplumlar\u0131n geli\u015fmesine katk\u0131 sa\u011flad\u0131\u011f\u0131m\u0131z bu g\u00fcnlerde firmalar\u0131n \u00fcrettikleri \u00fcr\u00fcn ve envanterlerin m\u00fc\u015fterilere ula\u015ft\u0131rmas\u0131n\u0131 sa\u011flamaktay\u0131z. 25 y\u0131l\u0131&nbsp;a\u015fan sekt\u00f6rel tecr\u00fcbemizin yan\u0131 s\u0131ra , yeniliklere do\u011fru bilgiye kendimizi geli\u015ftirmeye ve&hellip;","featured_media_urls":[],"_links":{"self":[{"href":"https:\/\/aektrans.com\/index.php\/wp-json\/wp\/v2\/pages\/25878"}],"collection":[{"href":"https:\/\/aektrans.com\/index.php\/wp-json\/wp\/v2\/pages"}],"about":[{"href":"https:\/\/aektrans.com\/index.php\/wp-json\/wp\/v2\/types\/page"}],"author":[{"embeddable":true,"href":"https:\/\/aektrans.com\/index.php\/wp-json\/wp\/v2\/users\/1"}],"replies":[{"embeddable":true,"href":"https:\/\/aektrans.com\/index.php\/wp-json\/wp\/v2\/comments?post=25878"}],"version-history":[{"count":73,"href":"https:\/\/aektrans.com\/index.php\/wp-json\/wp\/v2\/pages\/25878\/revisions"}],"predecessor-version":[{"id":26316,"href":"https:\/\/aektrans.com\/index.php\/wp-json\/wp\/v2\/pages\/25878\/revisions\/26316"}],"wp:attachment":[{"href":"https:\/\/aektrans.com\/index.php\/wp-json\/wp\/v2\/media?parent=25878"}],"curies":[{"name":"wp","href":"https:\/\/api.w.org\/{rel}","templated":true}]}}