{"id":25881,"date":"2023-05-26T22:38:50","date_gmt":"2023-05-26T22:38:50","guid":{"rendered":"http:\/\/aektrans.com\/?page_id=25881"},"modified":"2023-07-24T12:50:27","modified_gmt":"2023-07-24T12:50:27","slug":"karayolu-tasimaciligi-2","status":"publish","type":"page","link":"https:\/\/aektrans.com\/index.php\/karayolu-tasimaciligi-2\/","title":{"rendered":"Karayolu Ta\u015f\u0131mac\u0131l\u0131\u011f\u0131"},"content":{"rendered":"\t\t<div data-elementor-type=\"wp-page\" data-elementor-id=\"25881\" class=\"elementor elementor-25881\">\n\t\t\t\t\t\t\t\t\t<section class=\"elementor-section elementor-top-section elementor-element elementor-element-5ab1336 elementor-section-boxed elementor-section-height-default elementor-section-height-default\" data-id=\"5ab1336\" data-element_type=\"section\">\n\t\t\t\t\t\t<div class=\"elementor-container elementor-column-gap-default\">\n\t\t\t\t\t<div class=\"elementor-column elementor-col-100 elementor-top-column elementor-element elementor-element-d9232cb\" data-id=\"d9232cb\" data-element_type=\"column\">\n\t\t\t<div class=\"elementor-widget-wrap elementor-element-populated\">\n\t\t\t\t\t\t\t\t<div class=\"elementor-element elementor-element-54f0a38 elementor-widget elementor-widget-heading\" data-id=\"54f0a38\" data-element_type=\"widget\" data-widget_type=\"heading.default\">\n\t\t\t\t<div class=\"elementor-widget-container\">\n\t\t\t<style>\/*! elementor - v3.11.5 - 14-03-2023 *\/\n.elementor-heading-title{padding:0;margin:0;line-height:1}.elementor-widget-heading .elementor-heading-title[class*=elementor-size-]>a{color:inherit;font-size:inherit;line-height:inherit}.elementor-widget-heading .elementor-heading-title.elementor-size-small{font-size:15px}.elementor-widget-heading .elementor-heading-title.elementor-size-medium{font-size:19px}.elementor-widget-heading .elementor-heading-title.elementor-size-large{font-size:29px}.elementor-widget-heading .elementor-heading-title.elementor-size-xl{font-size:39px}.elementor-widget-heading .elementor-heading-title.elementor-size-xxl{font-size:59px}<\/style><h2 class=\"elementor-heading-title elementor-size-default\">KARAYOLU TA\u015eIMACILI\u011eI<\/h2>\t\t<\/div>\n\t\t\t\t<\/div>\n\t\t\t\t\t<\/div>\n\t\t<\/div>\n\t\t\t\t\t\t\t<\/div>\n\t\t<\/section>\n\t\t\t\t<section class=\"elementor-section elementor-top-section elementor-element elementor-element-0867e8e elementor-section-boxed elementor-section-height-default elementor-section-height-default\" data-id=\"0867e8e\" data-element_type=\"section\">\n\t\t\t\t\t\t<div class=\"elementor-container elementor-column-gap-default\">\n\t\t\t\t\t<div class=\"elementor-column elementor-col-50 elementor-top-column elementor-element elementor-element-d0dc0cf\" data-id=\"d0dc0cf\" data-element_type=\"column\">\n\t\t\t<div class=\"elementor-widget-wrap elementor-element-populated\">\n\t\t\t\t\t\t\t\t<div class=\"elementor-element elementor-element-2f5fcd0 elementor-widget elementor-widget-text-editor\" data-id=\"2f5fcd0\" data-element_type=\"widget\" data-widget_type=\"text-editor.default\">\n\t\t\t\t<div class=\"elementor-widget-container\">\n\t\t\t<style>\/*! elementor - v3.11.5 - 14-03-2023 *\/\n.elementor-widget-text-editor.elementor-drop-cap-view-stacked .elementor-drop-cap{background-color:#818a91;color:#fff}.elementor-widget-text-editor.elementor-drop-cap-view-framed .elementor-drop-cap{color:#818a91;border:3px solid;background-color:transparent}.elementor-widget-text-editor:not(.elementor-drop-cap-view-default) .elementor-drop-cap{margin-top:8px}.elementor-widget-text-editor:not(.elementor-drop-cap-view-default) .elementor-drop-cap-letter{width:1em;height:1em}.elementor-widget-text-editor .elementor-drop-cap{float:left;text-align:center;line-height:1;font-size:50px}.elementor-widget-text-editor .elementor-drop-cap-letter{display:inline-block}<\/style>\t\t\t\t<p class=\"MsoNormal\" style=\"text-indent: 35.4pt;\"><span style=\"font-family: 'Arial',sans-serif;\">AEK TRANSPORT geni\u015f hizmet a\u011f\u0131 d\u00fcnya \u00e7ap\u0131nda g\u00fc\u00e7l\u00fc acenteler ile birlikte ba\u015fta \u00c7ek, Macar, Slovakya olmak \u00fczere bir\u00e7ok \u00fclkelere yabanc\u0131 plakal\u0131 ara\u00e7 ve kendi \u00f6zmallar\u0131 ile birlikte siz de\u011ferli yap\u0131 ta\u015flar\u0131m\u0131z olan m\u00fc\u015fterilerimizden ald\u0131\u011f\u0131 g\u00fc\u00e7 ile g\u00fcc\u00fcne g\u00fc\u00e7 katarak hizmet vermektedir.<\/span><\/p>\t\t\t\t\t\t<\/div>\n\t\t\t\t<\/div>\n\t\t\t\t<div class=\"elementor-element elementor-element-09e6ab0 elementor-widget elementor-widget-text-editor\" data-id=\"09e6ab0\" data-element_type=\"widget\" data-widget_type=\"text-editor.default\">\n\t\t\t\t<div class=\"elementor-widget-container\">\n\t\t\t\t\t\t\t<p><strong>SERV\u0130SLER<\/strong><\/p><ul><li>Bat\u0131 Avrupa \u00dclkeleri: Almanya, Avusturya, Bel\u00e7ika, \u0130ngiltere, Fransa, Hollanda, \u0130rlanda, \u0130svi\u00e7re, L\u00fcksemburg.<\/li><li>Do\u011fu Avrupa \u00dclkeleri: Beyaz Rusya, Bulgaristan, \u00c7ek Cumhuriyeti, Macaristan, Moldova, Polonya, Slovakya,<\/li><li>Kuzey Avrupa \u00dclkeleri: Danimarka, Estonya, Finlandiya, \u0130sve\u00e7, Letonya, Litvanya, Norve\u00e7.<\/li><li>G\u00fcney Avrupa ve Balkan \u00dclkeleri: Arnavutluk, Bosna Hersek, H\u0131rvatistan, \u0130spanya, \u0130talya, Bulgaristan, Romanya, S\u0131rbistan, Makedonya, Portekiz<\/li><\/ul><p>\u00a0<\/p><p>\u00a0<\/p><p>\u00a0<\/p>\t\t\t\t\t\t<\/div>\n\t\t\t\t<\/div>\n\t\t\t\t\t<\/div>\n\t\t<\/div>\n\t\t\t\t<div class=\"elementor-column elementor-col-50 elementor-top-column elementor-element elementor-element-e40b327\" data-id=\"e40b327\" data-element_type=\"column\">\n\t\t\t<div class=\"elementor-widget-wrap elementor-element-populated\">\n\t\t\t\t\t\t\t\t<div class=\"elementor-element elementor-element-a6c3dab elementor-widget elementor-widget-image\" data-id=\"a6c3dab\" data-element_type=\"widget\" data-widget_type=\"image.default\">\n\t\t\t\t<div class=\"elementor-widget-container\">\n\t\t\t<style>\/*! elementor - v3.11.5 - 14-03-2023 *\/\n.elementor-widget-image{text-align:center}.elementor-widget-image a{display:inline-block}.elementor-widget-image a img[src$=\".svg\"]{width:48px}.elementor-widget-image img{vertical-align:middle;display:inline-block}<\/style>\t\t\t\t\t\t\t\t\t\t\t\t<img decoding=\"async\" width=\"612\" height=\"376\" src=\"https:\/\/aektrans.com\/wp-content\/uploads\/2023\/03\/istockphoto-1166152338-612x612-1.jpg\" class=\"attachment-large size-large wp-image-25610\" alt=\"\" loading=\"lazy\" srcset=\"https:\/\/aektrans.com\/wp-content\/uploads\/2023\/03\/istockphoto-1166152338-612x612-1.jpg 612w, https:\/\/aektrans.com\/wp-content\/uploads\/2023\/03\/istockphoto-1166152338-612x612-1-300x184.jpg 300w, https:\/\/aektrans.com\/wp-content\/uploads\/2023\/03\/istockphoto-1166152338-612x612-1-600x369.jpg 600w\" sizes=\"(max-width: 612px) 100vw, 612px\" \/>\t\t\t\t\t\t\t\t\t\t\t\t\t\t\t<\/div>\n\t\t\t\t<\/div>\n\t\t\t\t\t<\/div>\n\t\t<\/div>\n\t\t\t\t\t\t\t<\/div>\n\t\t<\/section>\n\t\t\t\t<section class=\"elementor-section elementor-top-section elementor-element elementor-element-2f3afa6 elementor-section-boxed elementor-section-height-default elementor-section-height-default\" data-id=\"2f3afa6\" data-element_type=\"section\">\n\t\t\t\t\t\t<div class=\"elementor-container elementor-column-gap-default\">\n\t\t\t\t\t<div class=\"elementor-column elementor-col-50 elementor-top-column elementor-element elementor-element-9fa6da9\" data-id=\"9fa6da9\" data-element_type=\"column\">\n\t\t\t<div class=\"elementor-widget-wrap\">\n\t\t\t\t\t\t\t\t\t<\/div>\n\t\t<\/div>\n\t\t\t\t<div class=\"elementor-column elementor-col-50 elementor-top-column elementor-element elementor-element-db58b2c\" data-id=\"db58b2c\" data-element_type=\"column\">\n\t\t\t<div class=\"elementor-widget-wrap\">\n\t\t\t\t\t\t\t\t\t<\/div>\n\t\t<\/div>\n\t\t\t\t\t\t\t<\/div>\n\t\t<\/section>\n\t\t\t\t\t\t\t<\/div>\n\t\t","protected":false},"excerpt":{"rendered":"<p>KARAYOLU TA\u015eIMACILI\u011eI AEK TRANSPORT geni\u015f hizmet a\u011f\u0131 d\u00fcnya \u00e7ap\u0131nda g\u00fc\u00e7l\u00fc acenteler ile birlikte ba\u015fta \u00c7ek, Macar, Slovakya olmak \u00fczere bir\u00e7ok \u00fclkelere yabanc\u0131 plakal\u0131 ara\u00e7 ve kendi \u00f6zmallar\u0131 ile birlikte siz de\u011ferli yap\u0131 ta\u015flar\u0131m\u0131z olan m\u00fc\u015fterilerimizden ald\u0131\u011f\u0131 g\u00fc\u00e7 ile g\u00fcc\u00fcne g\u00fc\u00e7 katarak hizmet vermektedir. SERV\u0130SLER Bat\u0131 Avrupa \u00dclkeleri: Almanya, Avusturya, Bel\u00e7ika, \u0130ngiltere, Fransa, Hollanda, \u0130rlanda, \u0130svi\u00e7re, &hellip;<\/p>\n<p class=\"read-more\"> <a class=\"\" href=\"https:\/\/aektrans.com\/index.php\/karayolu-tasimaciligi-2\/\"> <span class=\"screen-reader-text\">Karayolu Ta\u015f\u0131mac\u0131l\u0131\u011f\u0131<\/span> Devam\u0131 &raquo;<\/a><\/p>\n","protected":false},"author":1,"featured_media":0,"parent":0,"menu_order":0,"comment_status":"closed","ping_status":"closed","template":"","meta":{"_uag_custom_page_level_css":"","site-sidebar-layout":"no-sidebar","site-content-layout":"page-builder","ast-global-header-display":"","ast-main-header-display":"","ast-hfb-above-header-display":"","ast-hfb-below-header-display":"","ast-hfb-mobile-header-display":"","site-post-title":"disabled","ast-breadcrumbs-content":"","ast-featured-img":"disabled","footer-sml-layout":"","theme-transparent-header-meta":"","adv-header-id-meta":"","stick-header-meta":"","header-above-stick-meta":"","header-main-stick-meta":"","header-below-stick-meta":"","_ti_tpc_template_sync":false,"_ti_tpc_template_id":""},"uagb_featured_image_src":{"full":false,"thumbnail":false,"medium":false,"medium_large":false,"large":false,"1536x1536":false,"2048x2048":false,"woocommerce_thumbnail":false,"woocommerce_single":false,"woocommerce_gallery_thumbnail":false,"portfolio_item-thumbnail":false,"portfolio_item-masonry":false,"portfolio_item-thumbnail_cinema":false,"portfolio_item-thumbnail_portrait":false,"portfolio_item-thumbnail_square":false},"uagb_author_info":{"display_name":"admin","author_link":"https:\/\/aektrans.com\/index.php\/author\/admin\/"},"uagb_comment_info":0,"uagb_excerpt":"KARAYOLU TA\u015eIMACILI\u011eI AEK TRANSPORT geni\u015f hizmet a\u011f\u0131 d\u00fcnya \u00e7ap\u0131nda g\u00fc\u00e7l\u00fc acenteler ile birlikte ba\u015fta \u00c7ek, Macar, Slovakya olmak \u00fczere bir\u00e7ok \u00fclkelere yabanc\u0131 plakal\u0131 ara\u00e7 ve kendi \u00f6zmallar\u0131 ile birlikte siz de\u011ferli yap\u0131 ta\u015flar\u0131m\u0131z olan m\u00fc\u015fterilerimizden ald\u0131\u011f\u0131 g\u00fc\u00e7 ile g\u00fcc\u00fcne g\u00fc\u00e7 katarak hizmet vermektedir. SERV\u0130SLER Bat\u0131 Avrupa \u00dclkeleri: Almanya, Avusturya, Bel\u00e7ika, \u0130ngiltere, Fransa, Hollanda, \u0130rlanda, \u0130svi\u00e7re,&hellip;","featured_media_urls":[],"_links":{"self":[{"href":"https:\/\/aektrans.com\/index.php\/wp-json\/wp\/v2\/pages\/25881"}],"collection":[{"href":"https:\/\/aektrans.com\/index.php\/wp-json\/wp\/v2\/pages"}],"about":[{"href":"https:\/\/aektrans.com\/index.php\/wp-json\/wp\/v2\/types\/page"}],"author":[{"embeddable":true,"href":"https:\/\/aektrans.com\/index.php\/wp-json\/wp\/v2\/users\/1"}],"replies":[{"embeddable":true,"href":"https:\/\/aektrans.com\/index.php\/wp-json\/wp\/v2\/comments?post=25881"}],"version-history":[{"count":4,"href":"https:\/\/aektrans.com\/index.php\/wp-json\/wp\/v2\/pages\/25881\/revisions"}],"predecessor-version":[{"id":26209,"href":"https:\/\/aektrans.com\/index.php\/wp-json\/wp\/v2\/pages\/25881\/revisions\/26209"}],"wp:attachment":[{"href":"https:\/\/aektrans.com\/index.php\/wp-json\/wp\/v2\/media?parent=25881"}],"curies":[{"name":"wp","href":"https:\/\/api.w.org\/{rel}","templated":true}]}}