{"id":25882,"date":"2023-05-26T22:38:50","date_gmt":"2023-05-26T22:38:50","guid":{"rendered":"http:\/\/aektrans.com\/?page_id=25882"},"modified":"2023-08-15T14:56:30","modified_gmt":"2023-08-15T14:56:30","slug":"havayolu-tasimaciligi","status":"publish","type":"page","link":"https:\/\/aektrans.com\/index.php\/havayolu-tasimaciligi\/","title":{"rendered":"Havayolu Ta\u015f\u0131mac\u0131l\u0131\u011f\u0131"},"content":{"rendered":"\t\t<div data-elementor-type=\"wp-page\" data-elementor-id=\"25882\" class=\"elementor elementor-25882\">\n\t\t\t\t\t\t\t\t\t<section class=\"elementor-section elementor-top-section elementor-element elementor-element-dd3ddcd elementor-section-boxed elementor-section-height-default elementor-section-height-default\" data-id=\"dd3ddcd\" data-element_type=\"section\">\n\t\t\t\t\t\t<div class=\"elementor-container elementor-column-gap-default\">\n\t\t\t\t\t<div class=\"elementor-column elementor-col-100 elementor-top-column elementor-element elementor-element-0082d25\" data-id=\"0082d25\" data-element_type=\"column\">\n\t\t\t<div class=\"elementor-widget-wrap elementor-element-populated\">\n\t\t\t\t\t\t\t\t<div class=\"elementor-element elementor-element-db709dc elementor-widget elementor-widget-heading\" data-id=\"db709dc\" data-element_type=\"widget\" data-widget_type=\"heading.default\">\n\t\t\t\t<div class=\"elementor-widget-container\">\n\t\t\t<style>\/*! elementor - v3.11.5 - 14-03-2023 *\/\n.elementor-heading-title{padding:0;margin:0;line-height:1}.elementor-widget-heading .elementor-heading-title[class*=elementor-size-]>a{color:inherit;font-size:inherit;line-height:inherit}.elementor-widget-heading .elementor-heading-title.elementor-size-small{font-size:15px}.elementor-widget-heading .elementor-heading-title.elementor-size-medium{font-size:19px}.elementor-widget-heading .elementor-heading-title.elementor-size-large{font-size:29px}.elementor-widget-heading .elementor-heading-title.elementor-size-xl{font-size:39px}.elementor-widget-heading .elementor-heading-title.elementor-size-xxl{font-size:59px}<\/style><h2 class=\"elementor-heading-title elementor-size-default\">HAVAYOLU TA\u015eIMACILI\u011eI<\/h2>\t\t<\/div>\n\t\t\t\t<\/div>\n\t\t\t\t\t<\/div>\n\t\t<\/div>\n\t\t\t\t\t\t\t<\/div>\n\t\t<\/section>\n\t\t\t\t<section class=\"elementor-section elementor-top-section elementor-element elementor-element-bfef39f elementor-section-boxed elementor-section-height-default elementor-section-height-default\" data-id=\"bfef39f\" data-element_type=\"section\">\n\t\t\t\t\t\t<div class=\"elementor-container elementor-column-gap-default\">\n\t\t\t\t\t<div class=\"elementor-column elementor-col-50 elementor-top-column elementor-element elementor-element-0233ddf\" data-id=\"0233ddf\" data-element_type=\"column\">\n\t\t\t<div class=\"elementor-widget-wrap elementor-element-populated\">\n\t\t\t\t\t\t\t\t<div class=\"elementor-element elementor-element-2e2b8a7 elementor-widget elementor-widget-text-editor\" data-id=\"2e2b8a7\" data-element_type=\"widget\" data-widget_type=\"text-editor.default\">\n\t\t\t\t<div class=\"elementor-widget-container\">\n\t\t\t<style>\/*! elementor - v3.11.5 - 14-03-2023 *\/\n.elementor-widget-text-editor.elementor-drop-cap-view-stacked .elementor-drop-cap{background-color:#818a91;color:#fff}.elementor-widget-text-editor.elementor-drop-cap-view-framed .elementor-drop-cap{color:#818a91;border:3px solid;background-color:transparent}.elementor-widget-text-editor:not(.elementor-drop-cap-view-default) .elementor-drop-cap{margin-top:8px}.elementor-widget-text-editor:not(.elementor-drop-cap-view-default) .elementor-drop-cap-letter{width:1em;height:1em}.elementor-widget-text-editor .elementor-drop-cap{float:left;text-align:center;line-height:1;font-size:50px}.elementor-widget-text-editor .elementor-drop-cap-letter{display:inline-block}<\/style>\t\t\t\t<p>&nbsp; &nbsp;AEK Havayolu Ta\u015f\u0131mac\u0131l\u0131\u011f\u0131 olarak&nbsp; onlarca \u015firkete tedarik zinciri \u00e7\u00f6z\u00fcmleri sa\u011fl\u0131yor ve y\u00fcr\u00fct\u00fcyoruz. M\u00fc\u015fterilerimizin t\u00fcm ta\u015f\u0131mac\u0131l\u0131k hizmetlerini acente a\u011f\u0131m\u0131z ile&nbsp; en iyi fiyatla&nbsp; ula\u015ft\u0131r\u0131yoruz.&nbsp;<\/p><p><br><\/p>\n<p><\/p>\n<p>Ba\u015fl\u0131ca hizmet konular\u0131m\u0131z;<\/p><p><br><\/p>\n<p><\/p>\n<p>\u0130hracat \/ \u0130thalat Hava Ve&nbsp; Deniz&nbsp; Yolu \u0130le&nbsp; Kargo Ta\u015f\u0131mac\u0131l\u0131\u011f\u0131<\/p>\n<p>Konsolidasyon<\/p>\n<p>Bozulabilir Kargo<\/p>\n<p>De\u011ferli Kargo<\/p>\n<p>Charter<\/p>\n<p>Ask\u0131l\u0131<\/p>\n<p>Kap\u0131dan Kap\u0131ya Teslim<\/p>\n<p>Fuar Ta\u015f\u0131mac\u0131l\u0131\u011f\u0131<\/p>\n<p>Tehlikeli Kargo<\/p>\n<p>Canl\u0131 Hayvan<\/p>\n<p>Depolama<\/p>\n<p>Paketleme, Balyalama<\/p>\n<p>\u00dclkemizden d\u00fcnyan\u0131n her yerine, \u00f6zellikle Uzakdo\u011fu ve ABD` den ise \u00fclkemize konteyner ta\u015f\u0131mas\u0131 yapmaktay\u0131z.<\/p>\n<p>Fcl \/ Lcl \u0130thalat- \u0130hracat<\/p>\n<p>Yurtd\u0131\u015f\u0131nda Depolama Ve Tasnif Etme<\/p>\t\t\t\t\t\t<\/div>\n\t\t\t\t<\/div>\n\t\t\t\t\t<\/div>\n\t\t<\/div>\n\t\t\t\t<div class=\"elementor-column elementor-col-50 elementor-top-column elementor-element elementor-element-a26e03a\" data-id=\"a26e03a\" data-element_type=\"column\">\n\t\t\t<div class=\"elementor-widget-wrap elementor-element-populated\">\n\t\t\t\t\t\t\t\t<div class=\"elementor-element elementor-element-59f140c elementor-widget elementor-widget-image\" data-id=\"59f140c\" data-element_type=\"widget\" data-widget_type=\"image.default\">\n\t\t\t\t<div class=\"elementor-widget-container\">\n\t\t\t<style>\/*! elementor - v3.11.5 - 14-03-2023 *\/\n.elementor-widget-image{text-align:center}.elementor-widget-image a{display:inline-block}.elementor-widget-image a img[src$=\".svg\"]{width:48px}.elementor-widget-image img{vertical-align:middle;display:inline-block}<\/style>\t\t\t\t\t\t\t\t\t\t\t\t<img decoding=\"async\" width=\"960\" height=\"602\" src=\"https:\/\/aektrans.com\/wp-content\/uploads\/2023\/04\/WhatsApp-Gorsel-2023-04-02-saat-13.10.10-1-e1680439988344.jpg\" class=\"attachment-large size-large wp-image-25657\" alt=\"\" loading=\"lazy\" srcset=\"https:\/\/aektrans.com\/wp-content\/uploads\/2023\/04\/WhatsApp-Gorsel-2023-04-02-saat-13.10.10-1-e1680439988344.jpg 960w, https:\/\/aektrans.com\/wp-content\/uploads\/2023\/04\/WhatsApp-Gorsel-2023-04-02-saat-13.10.10-1-e1680439988344-300x188.jpg 300w, https:\/\/aektrans.com\/wp-content\/uploads\/2023\/04\/WhatsApp-Gorsel-2023-04-02-saat-13.10.10-1-e1680439988344-768x482.jpg 768w, https:\/\/aektrans.com\/wp-content\/uploads\/2023\/04\/WhatsApp-Gorsel-2023-04-02-saat-13.10.10-1-e1680439988344-600x376.jpg 600w\" sizes=\"(max-width: 960px) 100vw, 960px\" \/>\t\t\t\t\t\t\t\t\t\t\t\t\t\t\t<\/div>\n\t\t\t\t<\/div>\n\t\t\t\t<div class=\"elementor-element elementor-element-c87d5db elementor-widget elementor-widget-image\" data-id=\"c87d5db\" data-element_type=\"widget\" data-widget_type=\"image.default\">\n\t\t\t\t<div class=\"elementor-widget-container\">\n\t\t\t\t\t\t\t\t\t\t\t\t\t\t\t<img decoding=\"async\" width=\"900\" height=\"469\" src=\"https:\/\/aektrans.com\/wp-content\/uploads\/2023\/03\/web-1.jpg\" class=\"attachment-large size-large wp-image-25567\" alt=\"\" loading=\"lazy\" srcset=\"https:\/\/aektrans.com\/wp-content\/uploads\/2023\/03\/web-1.jpg 900w, https:\/\/aektrans.com\/wp-content\/uploads\/2023\/03\/web-1-300x156.jpg 300w, https:\/\/aektrans.com\/wp-content\/uploads\/2023\/03\/web-1-768x400.jpg 768w, https:\/\/aektrans.com\/wp-content\/uploads\/2023\/03\/web-1-600x313.jpg 600w\" sizes=\"(max-width: 900px) 100vw, 900px\" \/>\t\t\t\t\t\t\t\t\t\t\t\t\t\t\t<\/div>\n\t\t\t\t<\/div>\n\t\t\t\t\t<\/div>\n\t\t<\/div>\n\t\t\t\t\t\t\t<\/div>\n\t\t<\/section>\n\t\t\t\t\t\t\t<\/div>\n\t\t","protected":false},"excerpt":{"rendered":"<p>HAVAYOLU TA\u015eIMACILI\u011eI &nbsp; &nbsp;AEK Havayolu Ta\u015f\u0131mac\u0131l\u0131\u011f\u0131 olarak&nbsp; onlarca \u015firkete tedarik zinciri \u00e7\u00f6z\u00fcmleri sa\u011fl\u0131yor ve y\u00fcr\u00fct\u00fcyoruz. M\u00fc\u015fterilerimizin t\u00fcm ta\u015f\u0131mac\u0131l\u0131k hizmetlerini acente a\u011f\u0131m\u0131z ile&nbsp; en iyi fiyatla&nbsp; ula\u015ft\u0131r\u0131yoruz.&nbsp; Ba\u015fl\u0131ca hizmet konular\u0131m\u0131z; \u0130hracat \/ \u0130thalat Hava Ve&nbsp; Deniz&nbsp; Yolu \u0130le&nbsp; Kargo Ta\u015f\u0131mac\u0131l\u0131\u011f\u0131 Konsolidasyon Bozulabilir Kargo De\u011ferli Kargo Charter Ask\u0131l\u0131 Kap\u0131dan Kap\u0131ya Teslim Fuar Ta\u015f\u0131mac\u0131l\u0131\u011f\u0131 Tehlikeli Kargo Canl\u0131 Hayvan &hellip;<\/p>\n<p class=\"read-more\"> <a class=\"\" href=\"https:\/\/aektrans.com\/index.php\/havayolu-tasimaciligi\/\"> <span class=\"screen-reader-text\">Havayolu Ta\u015f\u0131mac\u0131l\u0131\u011f\u0131<\/span> Devam\u0131 &raquo;<\/a><\/p>\n","protected":false},"author":1,"featured_media":0,"parent":0,"menu_order":0,"comment_status":"closed","ping_status":"closed","template":"","meta":{"_uag_custom_page_level_css":"","site-sidebar-layout":"no-sidebar","site-content-layout":"page-builder","ast-global-header-display":"","ast-main-header-display":"","ast-hfb-above-header-display":"","ast-hfb-below-header-display":"","ast-hfb-mobile-header-display":"","site-post-title":"disabled","ast-breadcrumbs-content":"","ast-featured-img":"disabled","footer-sml-layout":"","theme-transparent-header-meta":"","adv-header-id-meta":"","stick-header-meta":"","header-above-stick-meta":"","header-main-stick-meta":"","header-below-stick-meta":"","_ti_tpc_template_sync":false,"_ti_tpc_template_id":""},"uagb_featured_image_src":{"full":false,"thumbnail":false,"medium":false,"medium_large":false,"large":false,"1536x1536":false,"2048x2048":false,"woocommerce_thumbnail":false,"woocommerce_single":false,"woocommerce_gallery_thumbnail":false,"portfolio_item-thumbnail":false,"portfolio_item-masonry":false,"portfolio_item-thumbnail_cinema":false,"portfolio_item-thumbnail_portrait":false,"portfolio_item-thumbnail_square":false},"uagb_author_info":{"display_name":"admin","author_link":"https:\/\/aektrans.com\/index.php\/author\/admin\/"},"uagb_comment_info":0,"uagb_excerpt":"HAVAYOLU TA\u015eIMACILI\u011eI &nbsp; &nbsp;AEK Havayolu Ta\u015f\u0131mac\u0131l\u0131\u011f\u0131 olarak&nbsp; onlarca \u015firkete tedarik zinciri \u00e7\u00f6z\u00fcmleri sa\u011fl\u0131yor ve y\u00fcr\u00fct\u00fcyoruz. M\u00fc\u015fterilerimizin t\u00fcm ta\u015f\u0131mac\u0131l\u0131k hizmetlerini acente a\u011f\u0131m\u0131z ile&nbsp; en iyi fiyatla&nbsp; ula\u015ft\u0131r\u0131yoruz.&nbsp; Ba\u015fl\u0131ca hizmet konular\u0131m\u0131z; \u0130hracat \/ \u0130thalat Hava Ve&nbsp; Deniz&nbsp; Yolu \u0130le&nbsp; Kargo Ta\u015f\u0131mac\u0131l\u0131\u011f\u0131 Konsolidasyon Bozulabilir Kargo De\u011ferli Kargo Charter Ask\u0131l\u0131 Kap\u0131dan Kap\u0131ya Teslim Fuar Ta\u015f\u0131mac\u0131l\u0131\u011f\u0131 Tehlikeli Kargo Canl\u0131 Hayvan&hellip;","featured_media_urls":[],"_links":{"self":[{"href":"https:\/\/aektrans.com\/index.php\/wp-json\/wp\/v2\/pages\/25882"}],"collection":[{"href":"https:\/\/aektrans.com\/index.php\/wp-json\/wp\/v2\/pages"}],"about":[{"href":"https:\/\/aektrans.com\/index.php\/wp-json\/wp\/v2\/types\/page"}],"author":[{"embeddable":true,"href":"https:\/\/aektrans.com\/index.php\/wp-json\/wp\/v2\/users\/1"}],"replies":[{"embeddable":true,"href":"https:\/\/aektrans.com\/index.php\/wp-json\/wp\/v2\/comments?post=25882"}],"version-history":[{"count":34,"href":"https:\/\/aektrans.com\/index.php\/wp-json\/wp\/v2\/pages\/25882\/revisions"}],"predecessor-version":[{"id":26357,"href":"https:\/\/aektrans.com\/index.php\/wp-json\/wp\/v2\/pages\/25882\/revisions\/26357"}],"wp:attachment":[{"href":"https:\/\/aektrans.com\/index.php\/wp-json\/wp\/v2\/media?parent=25882"}],"curies":[{"name":"wp","href":"https:\/\/api.w.org\/{rel}","templated":true}]}}