{"id":25883,"date":"2023-05-26T22:38:50","date_gmt":"2023-05-26T22:38:50","guid":{"rendered":"http:\/\/aektrans.com\/?page_id=25883"},"modified":"2023-07-24T12:58:58","modified_gmt":"2023-07-24T12:58:58","slug":"denizyolu-tasimaciligi-2","status":"publish","type":"page","link":"https:\/\/aektrans.com\/index.php\/denizyolu-tasimaciligi-2\/","title":{"rendered":"Denizyolu Ta\u015f\u0131mac\u0131l\u0131\u011f\u0131"},"content":{"rendered":"\t\t<div data-elementor-type=\"wp-page\" data-elementor-id=\"25883\" class=\"elementor elementor-25883\">\n\t\t\t\t\t\t\t\t\t<section class=\"elementor-section elementor-top-section elementor-element elementor-element-b2e7657 elementor-section-boxed elementor-section-height-default elementor-section-height-default\" data-id=\"b2e7657\" data-element_type=\"section\">\n\t\t\t\t\t\t<div class=\"elementor-container elementor-column-gap-default\">\n\t\t\t\t\t<div class=\"elementor-column elementor-col-100 elementor-top-column elementor-element elementor-element-c3f850e\" data-id=\"c3f850e\" data-element_type=\"column\">\n\t\t\t<div class=\"elementor-widget-wrap elementor-element-populated\">\n\t\t\t\t\t\t\t\t<div class=\"elementor-element elementor-element-cdd1ec3 elementor-widget elementor-widget-heading\" data-id=\"cdd1ec3\" data-element_type=\"widget\" data-widget_type=\"heading.default\">\n\t\t\t\t<div class=\"elementor-widget-container\">\n\t\t\t<style>\/*! elementor - v3.11.5 - 14-03-2023 *\/\n.elementor-heading-title{padding:0;margin:0;line-height:1}.elementor-widget-heading .elementor-heading-title[class*=elementor-size-]>a{color:inherit;font-size:inherit;line-height:inherit}.elementor-widget-heading .elementor-heading-title.elementor-size-small{font-size:15px}.elementor-widget-heading .elementor-heading-title.elementor-size-medium{font-size:19px}.elementor-widget-heading .elementor-heading-title.elementor-size-large{font-size:29px}.elementor-widget-heading .elementor-heading-title.elementor-size-xl{font-size:39px}.elementor-widget-heading .elementor-heading-title.elementor-size-xxl{font-size:59px}<\/style><h2 class=\"elementor-heading-title elementor-size-default\">DEN\u0130ZYOLU TA\u015eIMACILI\u011eI<\/h2>\t\t<\/div>\n\t\t\t\t<\/div>\n\t\t\t\t\t<\/div>\n\t\t<\/div>\n\t\t\t\t\t\t\t<\/div>\n\t\t<\/section>\n\t\t\t\t<section class=\"elementor-section elementor-top-section elementor-element elementor-element-ef8236c elementor-section-boxed elementor-section-height-default elementor-section-height-default\" data-id=\"ef8236c\" data-element_type=\"section\">\n\t\t\t\t\t\t<div class=\"elementor-container elementor-column-gap-default\">\n\t\t\t\t\t<div class=\"elementor-column elementor-col-50 elementor-top-column elementor-element elementor-element-4870abd\" data-id=\"4870abd\" data-element_type=\"column\">\n\t\t\t<div class=\"elementor-widget-wrap elementor-element-populated\">\n\t\t\t\t\t\t\t\t<div class=\"elementor-element elementor-element-9ddc366 elementor-widget elementor-widget-text-editor\" data-id=\"9ddc366\" data-element_type=\"widget\" data-widget_type=\"text-editor.default\">\n\t\t\t\t<div class=\"elementor-widget-container\">\n\t\t\t<style>\/*! elementor - v3.11.5 - 14-03-2023 *\/\n.elementor-widget-text-editor.elementor-drop-cap-view-stacked .elementor-drop-cap{background-color:#818a91;color:#fff}.elementor-widget-text-editor.elementor-drop-cap-view-framed .elementor-drop-cap{color:#818a91;border:3px solid;background-color:transparent}.elementor-widget-text-editor:not(.elementor-drop-cap-view-default) .elementor-drop-cap{margin-top:8px}.elementor-widget-text-editor:not(.elementor-drop-cap-view-default) .elementor-drop-cap-letter{width:1em;height:1em}.elementor-widget-text-editor .elementor-drop-cap{float:left;text-align:center;line-height:1;font-size:50px}.elementor-widget-text-editor .elementor-drop-cap-letter{display:inline-block}<\/style>\t\t\t\t<p style=\"text-indent: 35.4pt;\"><span style=\"background-color: var(--ast-global-color-5); color: var(--ast-global-color-3); font-family: Arial, sans-serif; font-style: inherit; font-weight: inherit; text-indent: 35.4pt;\">Uluslararas\u0131 deniz ta\u015f\u0131mac\u0131l\u0131\u011f\u0131 alan\u0131nda kalitemizi ortaya koyarken, m\u00fc\u015fterilerimizin kendi alanlar\u0131nda ihtiya\u00e7lar\u0131 olan \u00f6zel ta\u015f\u0131ma \u015fekillerini de sa\u011flayarak farkl\u0131 y\u00fckleme modelleri konusunda \u00e7\u00f6z\u00fcm ortakl\u0131\u011f\u0131 yapabiliyoruz.<\/span><\/p><p style=\"margin-bottom: 11.25pt; background-image: initial; background-position: initial; background-size: initial; background-repeat: initial; background-attachment: initial; background-origin: initial; background-clip: initial;\"><span style=\"font-family: 'Arial',sans-serif; mso-fareast-language: TR;\">Konteyner ta\u015f\u0131ma hizmetini FCL ve LCL (parsiyel) olmak \u00fczere ihtiyac\u0131n\u0131za g\u00f6re iki farkl\u0131 \u015fekilde ger\u00e7ekle\u015ftiriyor ve sizin i\u00e7in uygun olan transfer \u015feklini profesyonel kadromuzun y\u00f6netiminde uyguluyoruz. <span style=\"background-image: initial; background-position: initial; background-size: initial; background-repeat: initial; background-attachment: initial; background-origin: initial; background-clip: initial;\">T\u00fcm servislerimizde h\u0131zl\u0131, g\u00fcvenilir, zaman\u0131nda evrak teslimi yaparak ko\u015fulsuz m\u00fc\u015fteri memnuniyeti anlay\u0131\u015f\u0131m\u0131zla hizmet sunmak ba\u015fl\u0131ca prensibimizdir.<\/span> Ayr\u0131ca Had\u0131mk\u00f6y b\u00f6lgesinde bulunan depomuzu da m\u00fc\u015fterilerimizin kullan\u0131m\u0131na sunuyoruz.<\/span><\/p><p style=\"margin-bottom: 11.25pt; margin-left: 54pt; line-height: 22.5pt; background-image: initial; background-position: initial; background-size: initial; background-repeat: initial; background-attachment: initial; background-origin: initial; background-clip: initial;\"><b><span style=\"font-family: 'Arial',sans-serif; mso-fareast-language: TR;\">\u0130MKANLAR<\/span><\/b> <b><\/b><\/p><p style=\"margin-bottom: 11.25pt; margin-left: 54pt; text-indent: -18pt; line-height: 22.5pt; background-image: initial; background-position: initial; background-size: initial; background-repeat: initial; background-attachment: initial; background-origin: initial; background-clip: initial;\"><!-- [if !supportLists]--><span style=\"font-family: Symbol; mso-fareast-font-family: Symbol; mso-bidi-font-family: Symbol; mso-fareast-language: TR; mso-bidi-font-weight: bold;\">\u00b7<span style=\"font-variant-numeric: normal; font-variant-east-asian: normal; font-variant-alternates: normal; font-kerning: auto; font-optical-sizing: auto; font-feature-settings: normal; font-variation-settings: normal; font-stretch: normal; font-size: 7pt; line-height: normal; font-family: 'Times New Roman';\">\u00a0\u00a0\u00a0\u00a0\u00a0\u00a0 <\/span><\/span><!--[endif]--><b><span style=\"font-family: 'Arial',sans-serif; mso-fareast-language: TR;\">\u0130hracat\/\u0130thalat FCL Konteyner Ta\u015f\u0131malar\u0131,<\/span><\/b><\/p><p style=\"margin-bottom: 11.25pt; margin-left: 54pt; text-indent: -18pt; line-height: 22.5pt; background-image: initial; background-position: initial; background-size: initial; background-repeat: initial; background-attachment: initial; background-origin: initial; background-clip: initial;\"><!-- [if !supportLists]--><span style=\"font-family: Symbol; mso-fareast-font-family: Symbol; mso-bidi-font-family: Symbol; mso-fareast-language: TR; mso-bidi-font-weight: bold;\">\u00b7<span style=\"font-variant-numeric: normal; font-variant-east-asian: normal; font-variant-alternates: normal; font-kerning: auto; font-optical-sizing: auto; font-feature-settings: normal; font-variation-settings: normal; font-stretch: normal; font-size: 7pt; line-height: normal; font-family: 'Times New Roman';\">\u00a0\u00a0\u00a0\u00a0\u00a0\u00a0 <\/span><\/span><!--[endif]--><b><span style=\"font-family: 'Arial',sans-serif; mso-fareast-language: TR;\">FCL\/LCL Konteyner Ta\u015f\u0131malar\u0131,<\/span><\/b><\/p><p style=\"margin-bottom: 11.25pt; margin-left: 54pt; text-indent: -18pt; line-height: 22.5pt; background-image: initial; background-position: initial; background-size: initial; background-repeat: initial; background-attachment: initial; background-origin: initial; background-clip: initial;\"><!-- [if !supportLists]--><span style=\"font-family: Symbol; mso-fareast-font-family: Symbol; mso-bidi-font-family: Symbol; mso-fareast-language: TR; mso-bidi-font-weight: bold;\">\u00b7<span style=\"font-variant-numeric: normal; font-variant-east-asian: normal; font-variant-alternates: normal; font-kerning: auto; font-optical-sizing: auto; font-feature-settings: normal; font-variation-settings: normal; font-stretch: normal; font-size: 7pt; line-height: normal; font-family: 'Times New Roman';\">\u00a0\u00a0\u00a0\u00a0\u00a0\u00a0 <\/span><\/span><!--[endif]--><b><span style=\"font-family: 'Arial',sans-serif; mso-fareast-language: TR;\">D\u00fczenli Seferler,<\/span><\/b><\/p><p style=\"margin-bottom: 11.25pt; margin-left: 54pt; text-indent: -18pt; line-height: 22.5pt; background-image: initial; background-position: initial; background-size: initial; background-repeat: initial; background-attachment: initial; background-origin: initial; background-clip: initial;\"><!-- [if !supportLists]--><span style=\"font-family: Symbol; mso-fareast-font-family: Symbol; mso-bidi-font-family: Symbol; mso-fareast-language: TR; mso-bidi-font-weight: bold;\">\u00b7<span style=\"font-variant-numeric: normal; font-variant-east-asian: normal; font-variant-alternates: normal; font-kerning: auto; font-optical-sizing: auto; font-feature-settings: normal; font-variation-settings: normal; font-stretch: normal; font-size: 7pt; line-height: normal; font-family: 'Times New Roman';\">\u00a0\u00a0\u00a0\u00a0\u00a0\u00a0 <\/span><\/span><!--[endif]--><b><span style=\"font-family: 'Arial',sans-serif; mso-fareast-language: TR;\">T\u00fcrkiye Aktarmal\u0131 Transit Ta\u015f\u0131malar,<\/span><\/b><\/p><p style=\"margin-bottom: 11.25pt; margin-left: 54pt; text-indent: -18pt; line-height: 22.5pt; background-image: initial; background-position: initial; background-size: initial; background-repeat: initial; background-attachment: initial; background-origin: initial; background-clip: initial;\"><!-- [if !supportLists]--><span style=\"font-family: Symbol; mso-fareast-font-family: Symbol; mso-bidi-font-family: Symbol; mso-fareast-language: TR; mso-bidi-font-weight: bold;\">\u00b7<span style=\"font-variant-numeric: normal; font-variant-east-asian: normal; font-variant-alternates: normal; font-kerning: auto; font-optical-sizing: auto; font-feature-settings: normal; font-variation-settings: normal; font-stretch: normal; font-size: 7pt; line-height: normal; font-family: 'Times New Roman';\">\u00a0\u00a0\u00a0\u00a0\u00a0\u00a0 <\/span><\/span><!--[endif]--><b><span style=\"font-family: 'Arial',sans-serif; mso-fareast-language: TR;\">X Trade servisler,<\/span><\/b><\/p><p style=\"margin-bottom: 11.25pt; margin-left: 54pt; text-indent: -18pt; line-height: 22.5pt; background-image: initial; background-position: initial; background-size: initial; background-repeat: initial; background-attachment: initial; background-origin: initial; background-clip: initial;\"><!-- [if !supportLists]--><span style=\"font-family: Symbol; mso-fareast-font-family: Symbol; mso-bidi-font-family: Symbol; mso-fareast-language: TR; mso-bidi-font-weight: bold;\">\u00b7<span style=\"font-variant-numeric: normal; font-variant-east-asian: normal; font-variant-alternates: normal; font-kerning: auto; font-optical-sizing: auto; font-feature-settings: normal; font-variation-settings: normal; font-stretch: normal; font-size: 7pt; line-height: normal; font-family: 'Times New Roman';\">\u00a0\u00a0\u00a0\u00a0\u00a0\u00a0 <\/span><\/span><!--[endif]--><b><span style=\"font-family: 'Arial',sans-serif; mso-fareast-language: TR;\">\u00d6zel ekipman Ta\u015f\u0131mas\u0131<\/span><\/b><\/p><p style=\"margin-bottom: 11.25pt; margin-left: 54pt; text-indent: -18pt; line-height: 22.5pt; background-image: initial; background-position: initial; background-size: initial; background-repeat: initial; background-attachment: initial; background-origin: initial; background-clip: initial;\"><!-- [if !supportLists]--><span style=\"font-family: Symbol; mso-fareast-font-family: Symbol; mso-bidi-font-family: Symbol; mso-fareast-language: TR; mso-bidi-font-weight: bold;\">\u00b7<span style=\"font-variant-numeric: normal; font-variant-east-asian: normal; font-variant-alternates: normal; font-kerning: auto; font-optical-sizing: auto; font-feature-settings: normal; font-variation-settings: normal; font-stretch: normal; font-size: 7pt; line-height: normal; font-family: 'Times New Roman';\">\u00a0\u00a0\u00a0\u00a0\u00a0\u00a0 <\/span><\/span><!--[endif]--><b><span style=\"font-family: 'Arial',sans-serif; mso-fareast-language: TR;\">Door to Door Hizmet<\/span><\/b><\/p><p style=\"margin-bottom: 11.25pt; margin-left: 54pt; text-indent: -18pt; line-height: 22.5pt; background-image: initial; background-position: initial; background-size: initial; background-repeat: initial; background-attachment: initial; background-origin: initial; background-clip: initial;\"><!-- [if !supportLists]--><span style=\"font-family: Symbol; mso-fareast-font-family: Symbol; mso-bidi-font-family: Symbol; mso-fareast-language: TR; mso-bidi-font-weight: bold;\">\u00b7<span style=\"font-variant-numeric: normal; font-variant-east-asian: normal; font-variant-alternates: normal; font-kerning: auto; font-optical-sizing: auto; font-feature-settings: normal; font-variation-settings: normal; font-stretch: normal; font-size: 7pt; line-height: normal; font-family: 'Times New Roman';\">\u00a0\u00a0\u00a0\u00a0\u00a0\u00a0 <\/span><\/span><!--[endif]--><b><span style=\"font-family: 'Arial',sans-serif; mso-fareast-language: TR;\">Depo Hizmeti<\/span><\/b><\/p><p style=\"margin-bottom: 11.25pt; margin-left: 54pt; text-align: center; text-indent: -18pt; line-height: 22.5pt; background-image: initial; background-position: initial; background-size: initial; background-repeat: initial; background-attachment: initial; background-origin: initial; background-clip: initial;\" align=\"center\"><span style=\"font-family: Symbol; mso-fareast-font-family: Symbol; mso-bidi-font-family: Symbol; mso-fareast-language: TR; mso-bidi-font-weight: bold;\"><span style=\"font-variant-numeric: normal; font-variant-east-asian: normal; font-variant-alternates: normal; font-kerning: auto; font-optical-sizing: auto; font-feature-settings: normal; font-variation-settings: normal; font-stretch: normal; font-size: 7pt; line-height: normal; font-family: 'Times New Roman';\">\u00a0 \u00a0 \u00a0 \u00a0<\/span><\/span><!--[endif]--><b>\u00a0<\/b><\/p><p style=\"text-align: center; background-image: initial; background-position: initial; background-size: initial; background-repeat: initial; background-attachment: initial; background-origin: initial; background-clip: initial;\" align=\"center\">\u00a0<\/p><p style=\"text-indent: 35.4pt;\"><span style=\"font-family: 'Arial',sans-serif;\">\u00a0<\/span><\/p>\t\t\t\t\t\t<\/div>\n\t\t\t\t<\/div>\n\t\t\t\t\t<\/div>\n\t\t<\/div>\n\t\t\t\t<div class=\"elementor-column elementor-col-50 elementor-top-column elementor-element elementor-element-56dfc0c\" data-id=\"56dfc0c\" data-element_type=\"column\">\n\t\t\t<div class=\"elementor-widget-wrap elementor-element-populated\">\n\t\t\t\t\t\t\t\t<div class=\"elementor-element elementor-element-7aca047 elementor-widget elementor-widget-image\" data-id=\"7aca047\" data-element_type=\"widget\" data-widget_type=\"image.default\">\n\t\t\t\t<div class=\"elementor-widget-container\">\n\t\t\t<style>\/*! elementor - v3.11.5 - 14-03-2023 *\/\n.elementor-widget-image{text-align:center}.elementor-widget-image a{display:inline-block}.elementor-widget-image a img[src$=\".svg\"]{width:48px}.elementor-widget-image img{vertical-align:middle;display:inline-block}<\/style>\t\t\t\t\t\t\t\t\t\t\t\t<img decoding=\"async\" width=\"750\" height=\"820\" src=\"https:\/\/aektrans.com\/wp-content\/uploads\/2023\/03\/indir-1.jpeg\" class=\"attachment-large size-large wp-image-25497\" alt=\"\" loading=\"lazy\" srcset=\"https:\/\/aektrans.com\/wp-content\/uploads\/2023\/03\/indir-1.jpeg 750w, https:\/\/aektrans.com\/wp-content\/uploads\/2023\/03\/indir-1-274x300.jpeg 274w, https:\/\/aektrans.com\/wp-content\/uploads\/2023\/03\/indir-1-600x656.jpeg 600w\" sizes=\"(max-width: 750px) 100vw, 750px\" \/>\t\t\t\t\t\t\t\t\t\t\t\t\t\t\t<\/div>\n\t\t\t\t<\/div>\n\t\t\t\t\t<\/div>\n\t\t<\/div>\n\t\t\t\t\t\t\t<\/div>\n\t\t<\/section>\n\t\t\t\t\t\t\t<\/div>\n\t\t","protected":false},"excerpt":{"rendered":"<p>DEN\u0130ZYOLU TA\u015eIMACILI\u011eI Uluslararas\u0131 deniz ta\u015f\u0131mac\u0131l\u0131\u011f\u0131 alan\u0131nda kalitemizi ortaya koyarken, m\u00fc\u015fterilerimizin kendi alanlar\u0131nda ihtiya\u00e7lar\u0131 olan \u00f6zel ta\u015f\u0131ma \u015fekillerini de sa\u011flayarak farkl\u0131 y\u00fckleme modelleri konusunda \u00e7\u00f6z\u00fcm ortakl\u0131\u011f\u0131 yapabiliyoruz. Konteyner ta\u015f\u0131ma hizmetini FCL ve LCL (parsiyel) olmak \u00fczere ihtiyac\u0131n\u0131za g\u00f6re iki farkl\u0131 \u015fekilde ger\u00e7ekle\u015ftiriyor ve sizin i\u00e7in uygun olan transfer \u015feklini profesyonel kadromuzun y\u00f6netiminde uyguluyoruz. T\u00fcm servislerimizde h\u0131zl\u0131, &hellip;<\/p>\n<p class=\"read-more\"> <a class=\"\" href=\"https:\/\/aektrans.com\/index.php\/denizyolu-tasimaciligi-2\/\"> <span class=\"screen-reader-text\">Denizyolu Ta\u015f\u0131mac\u0131l\u0131\u011f\u0131<\/span> Devam\u0131 &raquo;<\/a><\/p>\n","protected":false},"author":1,"featured_media":0,"parent":0,"menu_order":0,"comment_status":"closed","ping_status":"closed","template":"","meta":{"_uag_custom_page_level_css":"","site-sidebar-layout":"no-sidebar","site-content-layout":"page-builder","ast-global-header-display":"","ast-main-header-display":"","ast-hfb-above-header-display":"","ast-hfb-below-header-display":"","ast-hfb-mobile-header-display":"","site-post-title":"disabled","ast-breadcrumbs-content":"","ast-featured-img":"disabled","footer-sml-layout":"","theme-transparent-header-meta":"","adv-header-id-meta":"","stick-header-meta":"","header-above-stick-meta":"","header-main-stick-meta":"","header-below-stick-meta":"","_ti_tpc_template_sync":false,"_ti_tpc_template_id":""},"uagb_featured_image_src":{"full":false,"thumbnail":false,"medium":false,"medium_large":false,"large":false,"1536x1536":false,"2048x2048":false,"woocommerce_thumbnail":false,"woocommerce_single":false,"woocommerce_gallery_thumbnail":false,"portfolio_item-thumbnail":false,"portfolio_item-masonry":false,"portfolio_item-thumbnail_cinema":false,"portfolio_item-thumbnail_portrait":false,"portfolio_item-thumbnail_square":false},"uagb_author_info":{"display_name":"admin","author_link":"https:\/\/aektrans.com\/index.php\/author\/admin\/"},"uagb_comment_info":0,"uagb_excerpt":"DEN\u0130ZYOLU TA\u015eIMACILI\u011eI Uluslararas\u0131 deniz ta\u015f\u0131mac\u0131l\u0131\u011f\u0131 alan\u0131nda kalitemizi ortaya koyarken, m\u00fc\u015fterilerimizin kendi alanlar\u0131nda ihtiya\u00e7lar\u0131 olan \u00f6zel ta\u015f\u0131ma \u015fekillerini de sa\u011flayarak farkl\u0131 y\u00fckleme modelleri konusunda \u00e7\u00f6z\u00fcm ortakl\u0131\u011f\u0131 yapabiliyoruz. Konteyner ta\u015f\u0131ma hizmetini FCL ve LCL (parsiyel) olmak \u00fczere ihtiyac\u0131n\u0131za g\u00f6re iki farkl\u0131 \u015fekilde ger\u00e7ekle\u015ftiriyor ve sizin i\u00e7in uygun olan transfer \u015feklini profesyonel kadromuzun y\u00f6netiminde uyguluyoruz. T\u00fcm servislerimizde h\u0131zl\u0131,&hellip;","featured_media_urls":[],"_links":{"self":[{"href":"https:\/\/aektrans.com\/index.php\/wp-json\/wp\/v2\/pages\/25883"}],"collection":[{"href":"https:\/\/aektrans.com\/index.php\/wp-json\/wp\/v2\/pages"}],"about":[{"href":"https:\/\/aektrans.com\/index.php\/wp-json\/wp\/v2\/types\/page"}],"author":[{"embeddable":true,"href":"https:\/\/aektrans.com\/index.php\/wp-json\/wp\/v2\/users\/1"}],"replies":[{"embeddable":true,"href":"https:\/\/aektrans.com\/index.php\/wp-json\/wp\/v2\/comments?post=25883"}],"version-history":[{"count":7,"href":"https:\/\/aektrans.com\/index.php\/wp-json\/wp\/v2\/pages\/25883\/revisions"}],"predecessor-version":[{"id":26219,"href":"https:\/\/aektrans.com\/index.php\/wp-json\/wp\/v2\/pages\/25883\/revisions\/26219"}],"wp:attachment":[{"href":"https:\/\/aektrans.com\/index.php\/wp-json\/wp\/v2\/media?parent=25883"}],"curies":[{"name":"wp","href":"https:\/\/api.w.org\/{rel}","templated":true}]}}