{"id":26155,"date":"2023-07-24T12:23:31","date_gmt":"2023-07-24T12:23:31","guid":{"rendered":"http:\/\/aektrans.com\/?page_id=26155"},"modified":"2023-07-24T13:06:07","modified_gmt":"2023-07-24T13:06:07","slug":"yurtici-tasimaciligi","status":"publish","type":"page","link":"https:\/\/aektrans.com\/index.php\/yurtici-tasimaciligi\/","title":{"rendered":"Yurti\u00e7i Ta\u015f\u0131mac\u0131l\u0131\u011f\u0131"},"content":{"rendered":"\t\t<div data-elementor-type=\"wp-page\" data-elementor-id=\"26155\" class=\"elementor elementor-26155\">\n\t\t\t\t\t\t\t\t\t<section class=\"elementor-section elementor-top-section elementor-element elementor-element-f385a31 elementor-section-boxed elementor-section-height-default elementor-section-height-default\" data-id=\"f385a31\" data-element_type=\"section\">\n\t\t\t\t\t\t<div class=\"elementor-container elementor-column-gap-default\">\n\t\t\t\t\t<div class=\"elementor-column elementor-col-100 elementor-top-column elementor-element elementor-element-d7456ee\" data-id=\"d7456ee\" data-element_type=\"column\">\n\t\t\t<div class=\"elementor-widget-wrap elementor-element-populated\">\n\t\t\t\t\t\t\t\t<div class=\"elementor-element elementor-element-aa48fd8 elementor-widget elementor-widget-heading\" data-id=\"aa48fd8\" data-element_type=\"widget\" data-widget_type=\"heading.default\">\n\t\t\t\t<div class=\"elementor-widget-container\">\n\t\t\t<style>\/*! elementor - v3.11.5 - 14-03-2023 *\/\n.elementor-heading-title{padding:0;margin:0;line-height:1}.elementor-widget-heading .elementor-heading-title[class*=elementor-size-]>a{color:inherit;font-size:inherit;line-height:inherit}.elementor-widget-heading .elementor-heading-title.elementor-size-small{font-size:15px}.elementor-widget-heading .elementor-heading-title.elementor-size-medium{font-size:19px}.elementor-widget-heading .elementor-heading-title.elementor-size-large{font-size:29px}.elementor-widget-heading .elementor-heading-title.elementor-size-xl{font-size:39px}.elementor-widget-heading .elementor-heading-title.elementor-size-xxl{font-size:59px}<\/style><h2 class=\"elementor-heading-title elementor-size-default\">YURT\u0130\u00c7\u0130 TA\u015eIMACILI\u011eI<\/h2>\t\t<\/div>\n\t\t\t\t<\/div>\n\t\t\t\t\t<\/div>\n\t\t<\/div>\n\t\t\t\t\t\t\t<\/div>\n\t\t<\/section>\n\t\t\t\t<section class=\"elementor-section elementor-top-section elementor-element elementor-element-2f88fd5 elementor-section-boxed elementor-section-height-default elementor-section-height-default\" data-id=\"2f88fd5\" data-element_type=\"section\">\n\t\t\t\t\t\t<div class=\"elementor-container elementor-column-gap-default\">\n\t\t\t\t\t<div class=\"elementor-column elementor-col-50 elementor-top-column elementor-element elementor-element-7a40c40\" data-id=\"7a40c40\" data-element_type=\"column\">\n\t\t\t<div class=\"elementor-widget-wrap elementor-element-populated\">\n\t\t\t\t\t\t\t\t<div class=\"elementor-element elementor-element-10b26bc elementor-widget elementor-widget-text-editor\" data-id=\"10b26bc\" data-element_type=\"widget\" data-widget_type=\"text-editor.default\">\n\t\t\t\t<div class=\"elementor-widget-container\">\n\t\t\t<style>\/*! elementor - v3.11.5 - 14-03-2023 *\/\n.elementor-widget-text-editor.elementor-drop-cap-view-stacked .elementor-drop-cap{background-color:#818a91;color:#fff}.elementor-widget-text-editor.elementor-drop-cap-view-framed .elementor-drop-cap{color:#818a91;border:3px solid;background-color:transparent}.elementor-widget-text-editor:not(.elementor-drop-cap-view-default) .elementor-drop-cap{margin-top:8px}.elementor-widget-text-editor:not(.elementor-drop-cap-view-default) .elementor-drop-cap-letter{width:1em;height:1em}.elementor-widget-text-editor .elementor-drop-cap{float:left;text-align:center;line-height:1;font-size:50px}.elementor-widget-text-editor .elementor-drop-cap-letter{display:inline-block}<\/style>\t\t\t\t<p><strong>AEK TRANSPORT<\/strong> , B\u00fcnyesinde bulunan Kendi \u00d6zmallar\u0131 ve Kiral\u0131k \u015eof\u00f6rleriyle birlikte 81 \u0130le komple ve Parsiyel \u00a0 g\u00fcvenilir teslim hizmeti vermektedir.\u00a0 Yurti\u00e7i Ta\u015f\u0131mac\u0131l\u0131kta malzemeleriniz ayn\u0131 g\u00fcn al\u0131n\u0131p \u015fehirleraras\u0131nda ertesi g\u00fcn teslimat yap\u0131lmaktad\u0131r.<\/p><p>\u00a0<\/p><p><b>\u0130MKANLAR\u00a0<\/b><\/p><p><span style=\"text-indent: -24px; font-family: Symbol;\"><span style=\"font-variant-numeric: normal; font-variant-east-asian: normal; font-variant-alternates: normal; font-kerning: auto; font-optical-sizing: auto; font-feature-settings: normal; font-variation-settings: normal; font-stretch: normal; font-size: 7pt; line-height: normal; font-family: 'Times New Roman';\">\u00a0 \u00a0 \u00a0<br \/><\/span><\/span><span style=\"text-indent: -24px; font-family: Arial, sans-serif;\"><b>*\u00a0<\/b>Marmara B\u00f6lgesinden \u2013 Do\u011fu B\u00f6lgesine kadar , Akdeniz<br \/>B\u00f6lgesinden- Karadeniz b\u00f6lgesine kadar, Ege B\u00f6lgesinden \u2013 \u0130\u00e7 Anadolu b\u00f6lgesine<br \/>kadar t\u00fcm b\u00f6lgelere g\u00fcvenilir ta\u015f\u0131mac\u0131l\u0131k hizmetimiz mevcuttur.<\/span><b><br \/><\/b><\/p><p><span style=\"text-indent: -24px; font-family: Symbol;\"><span style=\"font-variant-numeric: normal; font-variant-east-asian: normal; font-variant-alternates: normal; font-kerning: auto; font-optical-sizing: auto; font-feature-settings: normal; font-variation-settings: normal; font-stretch: normal; font-size: 7pt; line-height: normal; font-family: 'Times New Roman';\">\u00a0 \u00a0\u00a0<br \/><\/span><\/span><span style=\"text-indent: -24px; font-family: Arial, sans-serif;\"><b>*<\/b>Komple Ta\u015f\u0131mac\u0131l\u0131k<\/span><span style=\"text-indent: -24px; font-family: Arial, sans-serif;\"><br \/><\/span><\/p><p><span style=\"text-indent: -24px; font-family: Arial, sans-serif;\">\u00a0<\/span><\/p><p><span style=\"font-family: Arial, sans-serif; text-indent: -24px;\"><b>*<\/b>Parsiyel Ta\u015f\u0131mac\u0131l\u0131k<\/span><span style=\"text-indent: -24px; font-family: Arial, sans-serif;\"><br \/><\/span><\/p><p><span style=\"font-family: Arial, sans-serif; text-indent: -24px;\">\u00a0<\/span><\/p><p><span style=\"font-family: Arial, sans-serif; text-indent: -24px;\"><b>*<\/b>Frigo Ta\u015f\u0131mac\u0131l\u0131k<\/span><span style=\"font-family: Arial, sans-serif; text-indent: -24px;\"><br \/><\/span><\/p><p style=\"text-indent: 35.4pt;\"><span style=\"font-family: 'Arial',sans-serif;\">\u00a0 \u00a0<\/span><\/p><p style=\"mso-margin-top-alt: auto; mso-margin-bottom-alt: auto; margin-left: 53.25pt; mso-add-space: auto; text-indent: -18.0pt; line-height: normal; mso-list: l0 level1 lfo1;\">\u00a0<\/p><p style=\"mso-margin-top-alt: auto; mso-margin-bottom-alt: auto; margin-left: 53.25pt; mso-add-space: auto; text-indent: -18.0pt; line-height: normal; mso-list: l0 level1 lfo1;\">\u00a0<\/p><p style=\"mso-margin-top-alt: auto; mso-margin-bottom-alt: auto; margin-left: 53.25pt; mso-add-space: auto; text-indent: -18.0pt; line-height: normal; mso-list: l0 level1 lfo1;\">\u00a0<\/p><p>\u00a0<\/p><p style=\"text-indent: 35.4pt;\"><span style=\"font-family: 'Arial',sans-serif;\">\u00a0<\/span><\/p>\t\t\t\t\t\t<\/div>\n\t\t\t\t<\/div>\n\t\t\t\t\t<\/div>\n\t\t<\/div>\n\t\t\t\t<div class=\"elementor-column elementor-col-50 elementor-top-column elementor-element elementor-element-b48e40a\" data-id=\"b48e40a\" data-element_type=\"column\">\n\t\t\t<div class=\"elementor-widget-wrap elementor-element-populated\">\n\t\t\t\t\t\t\t\t<div class=\"elementor-element elementor-element-9cb6afc elementor-widget elementor-widget-image\" data-id=\"9cb6afc\" data-element_type=\"widget\" data-widget_type=\"image.default\">\n\t\t\t\t<div class=\"elementor-widget-container\">\n\t\t\t<style>\/*! elementor - v3.11.5 - 14-03-2023 *\/\n.elementor-widget-image{text-align:center}.elementor-widget-image a{display:inline-block}.elementor-widget-image a img[src$=\".svg\"]{width:48px}.elementor-widget-image img{vertical-align:middle;display:inline-block}<\/style>\t\t\t\t\t\t\t\t\t\t\t\t<img decoding=\"async\" width=\"750\" height=\"540\" src=\"https:\/\/aektrans.com\/wp-content\/uploads\/2023\/05\/minivan-express-tasimacilik-1.jpg\" class=\"attachment-large size-large wp-image-25985\" alt=\"\" loading=\"lazy\" srcset=\"https:\/\/aektrans.com\/wp-content\/uploads\/2023\/05\/minivan-express-tasimacilik-1.jpg 750w, https:\/\/aektrans.com\/wp-content\/uploads\/2023\/05\/minivan-express-tasimacilik-1-300x216.jpg 300w, https:\/\/aektrans.com\/wp-content\/uploads\/2023\/05\/minivan-express-tasimacilik-1-600x432.jpg 600w\" sizes=\"(max-width: 750px) 100vw, 750px\" \/>\t\t\t\t\t\t\t\t\t\t\t\t\t\t\t<\/div>\n\t\t\t\t<\/div>\n\t\t\t\t\t<\/div>\n\t\t<\/div>\n\t\t\t\t\t\t\t<\/div>\n\t\t<\/section>\n\t\t\t\t\t\t\t<\/div>\n\t\t","protected":false},"excerpt":{"rendered":"<p>YURT\u0130\u00c7\u0130 TA\u015eIMACILI\u011eI AEK TRANSPORT , B\u00fcnyesinde bulunan Kendi \u00d6zmallar\u0131 ve Kiral\u0131k \u015eof\u00f6rleriyle birlikte 81 \u0130le komple ve Parsiyel \u00a0 g\u00fcvenilir teslim hizmeti vermektedir.\u00a0 Yurti\u00e7i Ta\u015f\u0131mac\u0131l\u0131kta malzemeleriniz ayn\u0131 g\u00fcn al\u0131n\u0131p \u015fehirleraras\u0131nda ertesi g\u00fcn teslimat yap\u0131lmaktad\u0131r. \u00a0 \u0130MKANLAR\u00a0 \u00a0 \u00a0 \u00a0*\u00a0Marmara B\u00f6lgesinden \u2013 Do\u011fu B\u00f6lgesine kadar , AkdenizB\u00f6lgesinden- Karadeniz b\u00f6lgesine kadar, Ege B\u00f6lgesinden \u2013 \u0130\u00e7 Anadolu b\u00f6lgesinekadar &hellip;<\/p>\n<p class=\"read-more\"> <a class=\"\" href=\"https:\/\/aektrans.com\/index.php\/yurtici-tasimaciligi\/\"> <span class=\"screen-reader-text\">Yurti\u00e7i Ta\u015f\u0131mac\u0131l\u0131\u011f\u0131<\/span> Devam\u0131 &raquo;<\/a><\/p>\n","protected":false},"author":1,"featured_media":0,"parent":0,"menu_order":0,"comment_status":"closed","ping_status":"closed","template":"","meta":{"_uag_custom_page_level_css":"","site-sidebar-layout":"no-sidebar","site-content-layout":"page-builder","ast-global-header-display":"","ast-main-header-display":"","ast-hfb-above-header-display":"","ast-hfb-below-header-display":"","ast-hfb-mobile-header-display":"","site-post-title":"disabled","ast-breadcrumbs-content":"","ast-featured-img":"disabled","footer-sml-layout":"","theme-transparent-header-meta":"","adv-header-id-meta":"","stick-header-meta":"","header-above-stick-meta":"","header-main-stick-meta":"","header-below-stick-meta":"","_ti_tpc_template_sync":false,"_ti_tpc_template_id":""},"uagb_featured_image_src":{"full":false,"thumbnail":false,"medium":false,"medium_large":false,"large":false,"1536x1536":false,"2048x2048":false,"woocommerce_thumbnail":false,"woocommerce_single":false,"woocommerce_gallery_thumbnail":false,"portfolio_item-thumbnail":false,"portfolio_item-masonry":false,"portfolio_item-thumbnail_cinema":false,"portfolio_item-thumbnail_portrait":false,"portfolio_item-thumbnail_square":false},"uagb_author_info":{"display_name":"admin","author_link":"https:\/\/aektrans.com\/index.php\/author\/admin\/"},"uagb_comment_info":0,"uagb_excerpt":"YURT\u0130\u00c7\u0130 TA\u015eIMACILI\u011eI AEK TRANSPORT , B\u00fcnyesinde bulunan Kendi \u00d6zmallar\u0131 ve Kiral\u0131k \u015eof\u00f6rleriyle birlikte 81 \u0130le komple ve Parsiyel \u00a0 g\u00fcvenilir teslim hizmeti vermektedir.\u00a0 Yurti\u00e7i Ta\u015f\u0131mac\u0131l\u0131kta malzemeleriniz ayn\u0131 g\u00fcn al\u0131n\u0131p \u015fehirleraras\u0131nda ertesi g\u00fcn teslimat yap\u0131lmaktad\u0131r. \u00a0 \u0130MKANLAR\u00a0 \u00a0 \u00a0 \u00a0*\u00a0Marmara B\u00f6lgesinden \u2013 Do\u011fu B\u00f6lgesine kadar , AkdenizB\u00f6lgesinden- Karadeniz b\u00f6lgesine kadar, Ege B\u00f6lgesinden \u2013 \u0130\u00e7 Anadolu b\u00f6lgesinekadar&hellip;","featured_media_urls":[],"_links":{"self":[{"href":"https:\/\/aektrans.com\/index.php\/wp-json\/wp\/v2\/pages\/26155"}],"collection":[{"href":"https:\/\/aektrans.com\/index.php\/wp-json\/wp\/v2\/pages"}],"about":[{"href":"https:\/\/aektrans.com\/index.php\/wp-json\/wp\/v2\/types\/page"}],"author":[{"embeddable":true,"href":"https:\/\/aektrans.com\/index.php\/wp-json\/wp\/v2\/users\/1"}],"replies":[{"embeddable":true,"href":"https:\/\/aektrans.com\/index.php\/wp-json\/wp\/v2\/comments?post=26155"}],"version-history":[{"count":7,"href":"https:\/\/aektrans.com\/index.php\/wp-json\/wp\/v2\/pages\/26155\/revisions"}],"predecessor-version":[{"id":26225,"href":"https:\/\/aektrans.com\/index.php\/wp-json\/wp\/v2\/pages\/26155\/revisions\/26225"}],"wp:attachment":[{"href":"https:\/\/aektrans.com\/index.php\/wp-json\/wp\/v2\/media?parent=26155"}],"curies":[{"name":"wp","href":"https:\/\/api.w.org\/{rel}","templated":true}]}}